{"id":1183,"date":"2016-04-05T15:37:28","date_gmt":"2016-04-05T14:37:28","guid":{"rendered":"http:\/\/unionpourlavienne.fr\/Union_Vienne_2016\/wordpress\/?page_id=1183"},"modified":"2017-01-06T10:49:18","modified_gmt":"2017-01-06T09:49:18","slug":"avril-2016","status":"publish","type":"page","link":"https:\/\/unionpourlavienne.fr\/Union_Vienne_2016\/wordpress\/les-elus\/la-tribune\/avril-2016\/","title":{"rendered":"Avril 2016"},"content":{"rendered":"<h2 align=\"justify\">\u00a0Le D\u00e9partement toujours l\u00e0 !<\/h2>\n<p><a href=\"http:\/\/www.lavienne86.fr\/publication\/74\/26-la-vienne-le-magazine.htm?TELECHARGER=1\" target=\"_blank\" rel=\"attachment wp-att-1130\"><img loading=\"lazy\" class=\"alignright wp-image-1130 size-medium\" src=\"https:\/\/unionpourlavienne.fr\/Union_Vienne_2016\/wordpress\/wp-content\/uploads\/2016\/03\/2016-avril-212x300.jpg\" alt=\"2016-avril\" width=\"212\" height=\"300\" srcset=\"https:\/\/unionpourlavienne.fr\/Union_Vienne_2016\/wordpress\/wp-content\/uploads\/2016\/03\/2016-avril-212x300.jpg 212w, https:\/\/unionpourlavienne.fr\/Union_Vienne_2016\/wordpress\/wp-content\/uploads\/2016\/03\/2016-avril.jpg 250w\" sizes=\"(max-width: 212px) 100vw, 212px\" \/><\/a>Comment ne pas revenir dans notre tribune de la Majorit\u00e9 D\u00e9partementale sur les m\u00e9saventures de l&rsquo;ancienne R\u00e9gion Poitou-Charentes ? Si notre volont\u00e9 n&rsquo;est certainement pas de tirer sur l&rsquo;ambulance, il nous semble n\u00e9cessaire d&rsquo;apporter des pr\u00e9cisions. Pas sur ce qui a \u00e9t\u00e9 fait (ou pas fait), mais sur ce que cela va avoir comme cons\u00e9quences, au moins pour les habitants de la Vienne.<br \/>\nTout d&rsquo;abord, l&rsquo;ex\u00e9cutif de la nouvelle R\u00e9gion Aquitaine, Limousin, Poitou- Charentes l&rsquo;a dit tr\u00e8s clairement : fini l&rsquo;accompagnement des communes dans leurs investissements courants. \u00ab\u00a0Nous ne sommes pas l\u00e0 pour financer les \u00e9clairages des passages clout\u00e9s ou les salles polyvalentes\u00a0\u00bb n&rsquo;h\u00e9site pas \u00e0 dire le nouveau Pr\u00e9sident de la R\u00e9gion&#8230; Mais qui va le faire ? Certainement pas l&rsquo;Etat qui r\u00e9duit comme peau de chagrin ses aides aux Collectivit\u00e9s. Alors dans ce cas, comment les \u00e9quipes municipales pourront-elles r\u00e9aliser les projets sur lesquels elles ont \u00e9t\u00e9 \u00e9lues en 2014 ? Il s&rsquo;agit l\u00e0 d&rsquo;un manque de respect manifeste de la d\u00e9mocratie !<\/p>\n<p>De plus, ce sont pr\u00e9cis\u00e9ment ces projets qui font travailler nos artisans et nos PME&#8230; Comment vont-ils pouvoir remplir leur carnet de commande ? C&rsquo;est une aberration \u00e9conomique ! Un frein \u00e0 la cr\u00e9ation et au maintien de l&#8217;emploi.<br \/>\nEt que dire de l&rsquo;arr\u00eat des Nuits Romanes qui animaient les communes rurales au rythme de la valorisation de notre patrimoine ? Il s&rsquo;agit l\u00e0 d&rsquo;un handicap majeur pour notre ruralit\u00e9 qui a tant besoin qu&rsquo;on la dynamise et qu&rsquo;on la respecte.<\/p>\n<p>Alors que faire ?<br \/>\nTout simplement compter sur le D\u00e9partement. Car bien s\u00fbr, il sera, lui, toujours pr\u00e9sent, apportera une fois encore tout son appui et prouvera toute son utilit\u00e9 dans l&rsquo;activit\u00e9 de proximit\u00e9. Notamment avec ACTIV&rsquo;, son nouveau dispositif d&rsquo;accompagnement des Communes. Avec son Plan Pluriannuel d&rsquo;Investissement de 350 millions d&rsquo;euros sur 5 ans qu&rsquo;il vient d&rsquo;engager. Avec les \u00c9tats G\u00e9n\u00e9raux de la Ruralit\u00e9 qu&rsquo;il m\u00e8ne depuis l&rsquo;automne et qui va aboutir \u00e0 un Livre Blanc de propositions concr\u00e8tes et op\u00e9rationnelles.<br \/>\nAlors, m\u00eame si elle ne pourra pas faire plus que ce que le cadre r\u00e9glementaire de la nouvelle loi NOTRe impose, la Majorit\u00e9 D\u00e9partementale va mettre \u00e0 profit la dur\u00e9e de son mandat pour finaliser ses 13 grandes priorit\u00e9s. Seule s&rsquo;il le faut et sans attendre l&rsquo;autorisation de ceux qui veulent r\u00e9genter sans avoir \u00e0 payer.<br \/>\nLe Pr\u00e9sident Monory disait \u00ab\u00a0les payeurs d\u00e9cident\u00a0\u00bb&#8230; Soyez assur\u00e9s que nous saurons d\u00e9cider !<\/p>\n","protected":false},"excerpt":{"rendered":"<p>\u00a0Le D\u00e9partement toujours l\u00e0 ! Comment ne pas revenir dans notre tribune de la Majorit\u00e9 D\u00e9partementale sur les m\u00e9saventures de<\/p>\n","protected":false},"author":1,"featured_media":0,"parent":22,"menu_order":0,"comment_status":"closed","ping_status":"closed","template":"","meta":[],"_links":{"self":[{"href":"https:\/\/unionpourlavienne.fr\/Union_Vienne_2016\/wordpress\/wp-json\/wp\/v2\/pages\/1183"}],"collection":[{"href":"https:\/\/unionpourlavienne.fr\/Union_Vienne_2016\/wordpress\/wp-json\/wp\/v2\/pages"}],"about":[{"href":"https:\/\/unionpourlavienne.fr\/Union_Vienne_2016\/wordpress\/wp-json\/wp\/v2\/types\/page"}],"author":[{"embeddable":true,"href":"https:\/\/unionpourlavienne.fr\/Union_Vienne_2016\/wordpress\/wp-json\/wp\/v2\/users\/1"}],"replies":[{"embeddable":true,"href":"https:\/\/unionpourlavienne.fr\/Union_Vienne_2016\/wordpress\/wp-json\/wp\/v2\/comments?post=1183"}],"version-history":[{"count":1,"href":"https:\/\/unionpourlavienne.fr\/Union_Vienne_2016\/wordpress\/wp-json\/wp\/v2\/pages\/1183\/revisions"}],"predecessor-version":[{"id":1184,"href":"https:\/\/unionpourlavienne.fr\/Union_Vienne_2016\/wordpress\/wp-json\/wp\/v2\/pages\/1183\/revisions\/1184"}],"up":[{"embeddable":true,"href":"https:\/\/unionpourlavienne.fr\/Union_Vienne_2016\/wordpress\/wp-json\/wp\/v2\/pages\/22"}],"wp:attachment":[{"href":"https:\/\/unionpourlavienne.fr\/Union_Vienne_2016\/wordpress\/wp-json\/wp\/v2\/media?parent=1183"}],"curies":[{"name":"wp","href":"https:\/\/api.w.org\/{rel}","templated":true}]}}