{"id":1324,"date":"2016-07-20T15:32:50","date_gmt":"2016-07-20T14:32:50","guid":{"rendered":"http:\/\/unionpourlavienne.fr\/Union_Vienne_2016\/wordpress\/?page_id=1324"},"modified":"2016-07-20T15:32:50","modified_gmt":"2016-07-20T14:32:50","slug":"juin-2016","status":"publish","type":"page","link":"https:\/\/unionpourlavienne.fr\/Union_Vienne_2016\/wordpress\/les-elus\/la-tribune\/juin-2016\/","title":{"rendered":"Juin 2016"},"content":{"rendered":"<h2 align=\"justify\">\u00a0<a href=\"http:\/\/www.lavienne86.fr\/publication\/76\/26-la-vienne-le-magazine.htm?TELECHARGER=1\" target=\"_blank\"><img loading=\"lazy\" class=\"wp-image-1243 size-full alignright\" src=\"https:\/\/unionpourlavienne.fr\/Union_Vienne_2016\/wordpress\/wp-content\/uploads\/2016\/04\/juin.jpg\" alt=\"\" width=\"250\" height=\"350\" srcset=\"https:\/\/unionpourlavienne.fr\/Union_Vienne_2016\/wordpress\/wp-content\/uploads\/2016\/04\/juin.jpg 250w, https:\/\/unionpourlavienne.fr\/Union_Vienne_2016\/wordpress\/wp-content\/uploads\/2016\/04\/juin-214x300.jpg 214w\" sizes=\"(max-width: 250px) 100vw, 250px\" \/><\/a>Soutenir et dynamiser l\u2019\u00e9conomie locale avec le Plan Patrimoine<\/h2>\n<p>Apr\u00e8s ACTIV\u2019, nouveau programme d\u2019Accompagnement des Communes et des Territoires pour l\u2019Investissement et la cr\u00e9ation d\u2019un fonds sp\u00e9cial eau\/assainissement, le D\u00e9partement, conform\u00e9ment \u00e0 son engagement act\u00e9 dans les 13 politiques d\u00e9finies pour construire la Vienne de 2025, maintient le cap sur l\u2019investissement, garant du d\u00e9veloppement des territoires et du soutien \u00e0 l\u2019\u00e9conomie locale, avec la cr\u00e9ation d\u2019un fonds sp\u00e9cial patrimoine.<\/p>\n<p>En identifiant des th\u00e9matiques sp\u00e9cifiques, comme cela a \u00e9t\u00e9 fait avec le fonds sp\u00e9cial eau\/assainissement, nous souhaitons apporter des r\u00e9ponses pr\u00e9cises et cibl\u00e9es aux attentes des Communes dans le domaine de la valorisation et la pr\u00e9servation du patrimoine et rester leur partenaire privil\u00e9gi\u00e9 pour la r\u00e9alisation de leurs projets. Tous leurs projets. Plus de 26 millions d\u2019euros sont consacr\u00e9s cette ann\u00e9e au soutien des communes.<\/p>\n<p>Le fonds sp\u00e9cial Patrimoine, g\u00e9r\u00e9 par Pascale MOREAU, Vice-Pr\u00e9sidente charg\u00e9e de l\u2019Am\u00e9nagement du Territoire et Alain FOUCH\u00c9, charg\u00e9 de la Culture et du Patrimoine, c\u2019est 500 000 euros de financement pour solder les dossiers pr\u00e9sent\u00e9s dans le cadre de l&rsquo;ancien programme d&rsquo;aide aux Communes, 500 000 euros dans le cadre d\u2019un appel \u00e0 projets en 2016 et un million d&rsquo;euros tous les ans \u00e0 partir de 2017.<\/p>\n<p>5 millions d&rsquo;euros de travaux sont d\u2019ores et d\u00e9j\u00e0 pr\u00e9vus : une excellente nouvelle pour le carnet de commande des entreprises locales du b\u00e2timent. Soutenir l\u2019emploi et accompagner le d\u00e9veloppement des territoires : notre objectif prioritaire, notre volont\u00e9 de tous les instants.<\/p>\n","protected":false},"excerpt":{"rendered":"<p>\u00a0Soutenir et dynamiser l\u2019\u00e9conomie locale avec le Plan Patrimoine Apr\u00e8s ACTIV\u2019, nouveau programme d\u2019Accompagnement des Communes et des Territoires pour<\/p>\n","protected":false},"author":1,"featured_media":0,"parent":22,"menu_order":0,"comment_status":"closed","ping_status":"closed","template":"","meta":[],"_links":{"self":[{"href":"https:\/\/unionpourlavienne.fr\/Union_Vienne_2016\/wordpress\/wp-json\/wp\/v2\/pages\/1324"}],"collection":[{"href":"https:\/\/unionpourlavienne.fr\/Union_Vienne_2016\/wordpress\/wp-json\/wp\/v2\/pages"}],"about":[{"href":"https:\/\/unionpourlavienne.fr\/Union_Vienne_2016\/wordpress\/wp-json\/wp\/v2\/types\/page"}],"author":[{"embeddable":true,"href":"https:\/\/unionpourlavienne.fr\/Union_Vienne_2016\/wordpress\/wp-json\/wp\/v2\/users\/1"}],"replies":[{"embeddable":true,"href":"https:\/\/unionpourlavienne.fr\/Union_Vienne_2016\/wordpress\/wp-json\/wp\/v2\/comments?post=1324"}],"version-history":[{"count":1,"href":"https:\/\/unionpourlavienne.fr\/Union_Vienne_2016\/wordpress\/wp-json\/wp\/v2\/pages\/1324\/revisions"}],"predecessor-version":[{"id":1325,"href":"https:\/\/unionpourlavienne.fr\/Union_Vienne_2016\/wordpress\/wp-json\/wp\/v2\/pages\/1324\/revisions\/1325"}],"up":[{"embeddable":true,"href":"https:\/\/unionpourlavienne.fr\/Union_Vienne_2016\/wordpress\/wp-json\/wp\/v2\/pages\/22"}],"wp:attachment":[{"href":"https:\/\/unionpourlavienne.fr\/Union_Vienne_2016\/wordpress\/wp-json\/wp\/v2\/media?parent=1324"}],"curies":[{"name":"wp","href":"https:\/\/api.w.org\/{rel}","templated":true}]}}