{"id":1408,"date":"2016-09-08T14:00:25","date_gmt":"2016-09-08T13:00:25","guid":{"rendered":"http:\/\/unionpourlavienne.fr\/Union_Vienne_2016\/wordpress\/?page_id=1408"},"modified":"2016-09-08T14:00:25","modified_gmt":"2016-09-08T13:00:25","slug":"juillet-2016","status":"publish","type":"page","link":"https:\/\/unionpourlavienne.fr\/Union_Vienne_2016\/wordpress\/les-elus\/la-tribune\/juillet-2016\/","title":{"rendered":"Juillet 2016"},"content":{"rendered":"<h2 align=\"justify\">\u00a0<a href=\"http:\/\/www.lavienne86.fr\/publication\/77\/26-la-vienne-le-magazine.htm?TELECHARGER=1\" target=\"_blank\"><img loading=\"lazy\" class=\"size-full wp-image-1326 alignright\" src=\"https:\/\/unionpourlavienne.fr\/Union_Vienne_2016\/wordpress\/wp-content\/uploads\/2016\/06\/2016-07.jpg\" alt=\"2016-07\" width=\"250\" height=\"350\" srcset=\"https:\/\/unionpourlavienne.fr\/Union_Vienne_2016\/wordpress\/wp-content\/uploads\/2016\/06\/2016-07.jpg 250w, https:\/\/unionpourlavienne.fr\/Union_Vienne_2016\/wordpress\/wp-content\/uploads\/2016\/06\/2016-07-214x300.jpg 214w\" sizes=\"(max-width: 250px) 100vw, 250px\" \/><\/a>R\u00e9tablir la v\u00e9rit\u00e9<\/h2>\n<p>La loi impose aux collectivit\u00e9s territoriales un \u00e9quilibre budg\u00e9taire strict et sinc\u00e8re. Tout ce qui peut \u00eatre dit autour n&rsquo;est que palabres et posture. Le budget 2016, comme tous ceux que la Majorit\u00e9 D\u00e9partementale a pr\u00e9sent\u00e9s au contr\u00f4le de l\u00e9galit\u00e9 depuis 1982 et la premi\u00e8re loi de d\u00e9centralisation, respecte cette r\u00e8gle incontournable qui, il faut le rappeler, ne s&rsquo;impose pas \u00e0 l&rsquo;Etat. Le niveau abyssal de son d\u00e9ficit en atteste, avec les cons\u00e9quences que cela peut avoir sur la politique d&rsquo;aust\u00e9rit\u00e9 men\u00e9e depuis des ann\u00e9es.<\/p>\n<p>Pour \u00e9tablir le budget du D\u00e9partement, l&rsquo;ex\u00e9cutif se devait de prendre en compte les donn\u00e9es r\u00e9elles en sa possession et r\u00e9pondant aux responsabilit\u00e9s lui incombant : assumer ses comp\u00e9tences obligatoires, assurer son fonctionnement, se donner les moyens de pr\u00e9parer l&rsquo;avenir.<\/p>\n<p>C&rsquo;est exactement ce qu&rsquo;a r\u00e9ussi \u00e0 r\u00e9aliser Claude Eidelstein, Vice- Pr\u00e9sident en charge du Budget, dans un contexte pour le moins complexe, avec son lot de dotations de l&rsquo;Etat en r\u00e9duction si forte et la hausse tout aussi importante des allocations de solidarit\u00e9s. Sans oublier la volont\u00e9 affich\u00e9e de peser sur le d\u00e9veloppement \u00e9conomique des territoires, en apportant un soutien sans \u00e9gal aux projets des collectivit\u00e9s et l&rsquo;\u00e9laboration d&rsquo;un projet \u00e9quilibr\u00e9 autour de 13 priorit\u00e9s pour construire la Vienne de 2025.<\/p>\n<p>L&rsquo;ajustement du budget 2016, en anticipant les budgets \u00e0 venir, a n\u00e9cessit\u00e9 un programme pluriannuel particuli\u00e8rement bien \u00e9ch\u00e9anc\u00e9, un recours \u00e0 l&rsquo;endettement ma\u00eetris\u00e9 et un ajustement de la fiscalit\u00e9 qui reste \u00e0 la moyenne basse des autres D\u00e9partements semblables au n\u00f4tre.<br \/>\nFace aux attaques r\u00e9p\u00e9t\u00e9es et d\u00e9magogiques du groupe d&rsquo;opposition et des \u00e9lus dits ind\u00e9pendants, nous nous devions de r\u00e9tablir la v\u00e9rit\u00e9. C&rsquo;est chose faite. Une fois pour toutes !<\/p>\n","protected":false},"excerpt":{"rendered":"<p>\u00a0R\u00e9tablir la v\u00e9rit\u00e9 La loi impose aux collectivit\u00e9s territoriales un \u00e9quilibre budg\u00e9taire strict et sinc\u00e8re. Tout ce qui peut \u00eatre<\/p>\n","protected":false},"author":1,"featured_media":0,"parent":22,"menu_order":0,"comment_status":"closed","ping_status":"closed","template":"","meta":[],"_links":{"self":[{"href":"https:\/\/unionpourlavienne.fr\/Union_Vienne_2016\/wordpress\/wp-json\/wp\/v2\/pages\/1408"}],"collection":[{"href":"https:\/\/unionpourlavienne.fr\/Union_Vienne_2016\/wordpress\/wp-json\/wp\/v2\/pages"}],"about":[{"href":"https:\/\/unionpourlavienne.fr\/Union_Vienne_2016\/wordpress\/wp-json\/wp\/v2\/types\/page"}],"author":[{"embeddable":true,"href":"https:\/\/unionpourlavienne.fr\/Union_Vienne_2016\/wordpress\/wp-json\/wp\/v2\/users\/1"}],"replies":[{"embeddable":true,"href":"https:\/\/unionpourlavienne.fr\/Union_Vienne_2016\/wordpress\/wp-json\/wp\/v2\/comments?post=1408"}],"version-history":[{"count":1,"href":"https:\/\/unionpourlavienne.fr\/Union_Vienne_2016\/wordpress\/wp-json\/wp\/v2\/pages\/1408\/revisions"}],"predecessor-version":[{"id":1409,"href":"https:\/\/unionpourlavienne.fr\/Union_Vienne_2016\/wordpress\/wp-json\/wp\/v2\/pages\/1408\/revisions\/1409"}],"up":[{"embeddable":true,"href":"https:\/\/unionpourlavienne.fr\/Union_Vienne_2016\/wordpress\/wp-json\/wp\/v2\/pages\/22"}],"wp:attachment":[{"href":"https:\/\/unionpourlavienne.fr\/Union_Vienne_2016\/wordpress\/wp-json\/wp\/v2\/media?parent=1408"}],"curies":[{"name":"wp","href":"https:\/\/api.w.org\/{rel}","templated":true}]}}