{"id":18,"date":"2016-02-17T15:53:50","date_gmt":"2016-02-17T14:53:50","guid":{"rendered":"http:\/\/unionpourlavienne.fr\/Union_Vienne_2016\/wordpress\/?page_id=18"},"modified":"2016-02-22T16:49:51","modified_gmt":"2016-02-22T15:49:51","slug":"les-elus","status":"publish","type":"page","link":"https:\/\/unionpourlavienne.fr\/Union_Vienne_2016\/wordpress\/les-elus\/","title":{"rendered":"Les \u00e9lus"},"content":{"rendered":"<h4 style=\"padding-left: 90px;\"><a href=\"https:\/\/unionpourlavienne.fr\/Union_Vienne_2016\/wordpress\/les-elus\/le-trombinoscope\/\">Le trombinoscope<\/a><\/h4>\n<h4 style=\"padding-left: 90px;\"><a href=\"https:\/\/unionpourlavienne.fr\/Union_Vienne_2016\/wordpress\/les-elus\/la-tribune\/\">La tribune<\/a><\/h4>\n<h4 style=\"padding-left: 90px;\"><a href=\"https:\/\/unionpourlavienne.fr\/Union_Vienne_2016\/wordpress\/les-elus\/les-publications\/\">Les journaux cantonaux<\/a><\/h4>\n<p>&nbsp;<\/p>\n<p>Depuis les \u00e9lections de 2015, le Conseil d\u00e9partemental est compos\u00e9 de la fa\u00e7on suivante :<\/p>\n<table border=\"0\" width=\"100%\" cellspacing=\"0\" cellpadding=\"10\" align=\"center\">\n<tbody>\n<tr bgcolor=\"#1E73BE\">\n<th scope=\"col\">\n<h4><span style=\"color: #ffffff;\">Majorit\u00e9 d\u00e9partementale<\/span><\/h4>\n<\/th>\n<th scope=\"col\">\n<h4><span style=\"color: #ffffff;\">Opposition<\/span><\/h4>\n<\/th>\n<th scope=\"col\">\n<h4><span style=\"color: #ffffff;\">Ind\u00e9pendant<\/span><\/h4>\n<\/th>\n<\/tr>\n<tr>\n<td>14 cantons<br \/>\n28 \u00e9lus<\/td>\n<td>4 cantons<br \/>\n8 \u00e9lus<\/td>\n<td>1 cantons<br \/>\n2 \u00e9lus<\/td>\n<\/tr>\n<\/tbody>\n<\/table>\n<p>&nbsp;<\/p>\n","protected":false},"excerpt":{"rendered":"<p>Le trombinoscope La tribune Les journaux cantonaux &nbsp; Depuis les \u00e9lections de 2015, le Conseil d\u00e9partemental est compos\u00e9 de la<\/p>\n","protected":false},"author":1,"featured_media":0,"parent":0,"menu_order":0,"comment_status":"closed","ping_status":"closed","template":"","meta":[],"_links":{"self":[{"href":"https:\/\/unionpourlavienne.fr\/Union_Vienne_2016\/wordpress\/wp-json\/wp\/v2\/pages\/18"}],"collection":[{"href":"https:\/\/unionpourlavienne.fr\/Union_Vienne_2016\/wordpress\/wp-json\/wp\/v2\/pages"}],"about":[{"href":"https:\/\/unionpourlavienne.fr\/Union_Vienne_2016\/wordpress\/wp-json\/wp\/v2\/types\/page"}],"author":[{"embeddable":true,"href":"https:\/\/unionpourlavienne.fr\/Union_Vienne_2016\/wordpress\/wp-json\/wp\/v2\/users\/1"}],"replies":[{"embeddable":true,"href":"https:\/\/unionpourlavienne.fr\/Union_Vienne_2016\/wordpress\/wp-json\/wp\/v2\/comments?post=18"}],"version-history":[{"count":9,"href":"https:\/\/unionpourlavienne.fr\/Union_Vienne_2016\/wordpress\/wp-json\/wp\/v2\/pages\/18\/revisions"}],"predecessor-version":[{"id":519,"href":"https:\/\/unionpourlavienne.fr\/Union_Vienne_2016\/wordpress\/wp-json\/wp\/v2\/pages\/18\/revisions\/519"}],"wp:attachment":[{"href":"https:\/\/unionpourlavienne.fr\/Union_Vienne_2016\/wordpress\/wp-json\/wp\/v2\/media?parent=18"}],"curies":[{"name":"wp","href":"https:\/\/api.w.org\/{rel}","templated":true}]}}