{"id":22,"date":"2023-04-20T08:00:00","date_gmt":"2023-04-20T07:00:00","guid":{"rendered":"http:\/\/unionpourlavienne.fr\/Union_Vienne_2016\/wordpress\/?page_id=22"},"modified":"2026-02-26T15:40:49","modified_gmt":"2026-02-26T14:40:49","slug":"la-tribune","status":"publish","type":"page","link":"https:\/\/unionpourlavienne.fr\/Union_Vienne_2016\/wordpress\/les-elus\/la-tribune\/","title":{"rendered":"La tribune"},"content":{"rendered":"\n<p class=\"has-text-align-right\">Janvier &#8211; f\u00e9vrier 2026<\/p>\n\n\n\n<blockquote class=\"wp-block-quote\"><p>2026 : le choix de l\u2019action !<\/p><\/blockquote>\n\n\n\n<figure class=\"wp-block-image alignright size-full\"><a href=\"https:\/\/www.lavienne86.fr\/fil-infos\/publications\/vienne-mag-janvier-fevrier-2026-81900\" target=\"_blank\" rel=\"noreferrer noopener\"><img loading=\"lazy\" width=\"235\" height=\"350\" src=\"https:\/\/unionpourlavienne.fr\/Union_Vienne_2016\/wordpress\/wp-content\/uploads\/2026\/02\/Janvier-fevrier-2026.jpg\" alt=\"\" class=\"wp-image-5006\" srcset=\"https:\/\/unionpourlavienne.fr\/Union_Vienne_2016\/wordpress\/wp-content\/uploads\/2026\/02\/Janvier-fevrier-2026.jpg 235w, https:\/\/unionpourlavienne.fr\/Union_Vienne_2016\/wordpress\/wp-content\/uploads\/2026\/02\/Janvier-fevrier-2026-201x300.jpg 201w\" sizes=\"(max-width: 235px) 100vw, 235px\" \/><\/a><\/figure>\n\n\n\n<p>\u00c0 l\u2019aube de cette nouvelle ann\u00e9e, notre Majorit\u00e9 d\u00e9partementale aborde 2026 avec lucidit\u00e9, d\u00e9termination et confiance. Lucidit\u00e9 face \u00e0 un contexte toujours aussi contraint pour les collectivit\u00e9s locales. D\u00e9termination \u00e0 agir et ne jamais c\u00e9der au renoncement. Confiance, enfin, dans la force de notre territoire et de celles et ceux qui le font vivre chaque jour.<br>En 2025, malgr\u00e9 les difficult\u00e9s, le D\u00e9partement de la Vienne a tenu son cap : celui de l\u2019action utile, de la responsabilit\u00e9 budg\u00e9taire et de l\u2019investissement.<br>Parce qu\u2019il n\u2019y a pas de solidarit\u00e9 durable sans attractivit\u00e9 !<br>Notre Majorit\u00e9 assume ses choix. Chaque euro engag\u00e9 doit \u00eatre utile aux habitants de la Vienne. Face aux critiques syst\u00e9matiques et aux solutions simplistes de l\u2019opposition, nous faisons un autre choix : agir plut\u00f4t que commenter, construire plut\u00f4t que diviser, d\u00e9cider plut\u00f4t que renoncer.<br>Dans un pays qui doute, le D\u00e9partement demeure un rep\u00e8re de stabilit\u00e9 et d\u2019efficacit\u00e9 !<br>En 2026, plus que jamais, nous continuerons de d\u00e9fendre une Vienne solidaire, attractive et audacieuse. Une Vienne qui investit dans l\u2019\u00e9ducation, soutient ses communes, valorise son agriculture, renforce son attractivit\u00e9 et prot\u00e8ge ses habitants en ville comme dans la ruralit\u00e9. Vous pouvez compter sur nous ! Bonne ann\u00e9e 2026 \u00e0 toutes et \u00e0 tous !<\/p>\n\n\n\n<figure class=\"wp-block-image aligncenter\"><img src=\"http:\/\/unionpourlavienne.fr\/imgs\/vivrevienne\/trait.jpg\" alt=\"\"\/><\/figure>\n\n\n\n<p>Les anciennes tribunes :<\/p>\n\n\n\n<figure class=\"wp-block-table\"><table><tbody><tr><td><\/td><td><\/td><td><\/td><td><\/td><td><\/td><td><\/td><td><\/td><td><\/td><td><\/td><td><\/td><\/tr><tr><td>2026<\/td><td><a href=\"https:\/\/unionpourlavienne.fr\/Union_Vienne_2016\/wordpress\/janvier-fevrier-2026\/\" data-type=\"page\" data-id=\"5005\">JF<\/a><\/td><td>&nbsp;<\/td><td>&nbsp;<\/td><td>&nbsp;<\/td><td>&nbsp;<\/td><td>&nbsp;<\/td><td>&nbsp;<\/td><td>&nbsp;<\/td><td><\/td><td><\/td><td>&nbsp;<\/td><\/tr><tr><td>2025<\/td><td><a href=\"https:\/\/unionpourlavienne.fr\/Union_Vienne_2016\/wordpress\/les-elus\/la-tribune\/janvier-fevrier-2025\/\" data-type=\"page\" data-id=\"4794\">JF<\/a><\/td><td><a href=\"https:\/\/unionpourlavienne.fr\/Union_Vienne_2016\/wordpress\/les-elus\/la-tribune\/mars-avril-2025\/\" data-type=\"page\" data-id=\"4798\">M\/A<\/a><\/td><td><a href=\"https:\/\/unionpourlavienne.fr\/Union_Vienne_2016\/wordpress\/les-elus\/la-tribune\/avril-mai-2025\/\" data-type=\"page\" data-id=\"4803\">A\/M<\/a><\/td><td>&#8211;<\/td><td>&nbsp;&#8211;<\/td><td>&nbsp;&#8211;<\/td><td><a href=\"https:\/\/unionpourlavienne.fr\/Union_Vienne_2016\/wordpress\/les-elus\/la-tribune\/juillet-aout-2025\/\" data-type=\"page\" data-id=\"4848\" target=\"_blank\" rel=\"noreferrer noopener\">JA<\/a><\/td><td><a href=\"https:\/\/unionpourlavienne.fr\/Union_Vienne_2016\/wordpress\/les-elus\/la-tribune\/septembre-2025\/\" data-type=\"page\" data-id=\"4905\">S<\/a><\/td><td><\/td><td><a href=\"https:\/\/unionpourlavienne.fr\/Union_Vienne_2016\/wordpress\/les-elus\/la-tribune\/novembre-decembre-2025\/\" data-type=\"page\" data-id=\"5002\">ND<\/a><\/td><td>&nbsp;<\/td><\/tr><tr><td>2024<\/td><td><a href=\"https:\/\/unionpourlavienne.fr\/Union_Vienne_2016\/wordpress\/les-elus\/la-tribune\/janvier-2024\/\" data-type=\"page\" data-id=\"4583\" target=\"_blank\" rel=\"noreferrer noopener\">J<\/a><\/td><td>&#8211;<\/td><td><a href=\"https:\/\/unionpourlavienne.fr\/Union_Vienne_2016\/wordpress\/les-elus\/la-tribune\/mars-2024\/\" data-type=\"page\" data-id=\"4622\" target=\"_blank\" rel=\"noreferrer noopener\">M<\/a><\/td><td><a href=\"https:\/\/unionpourlavienne.fr\/Union_Vienne_2016\/wordpress\/les-elus\/la-tribune\/avril-2024\/\" data-type=\"page\" data-id=\"4701\" target=\"_blank\" rel=\"noreferrer noopener\">A<\/a><\/td><td>&#8211;<\/td><td>&#8211;<\/td><td><a href=\"https:\/\/unionpourlavienne.fr\/Union_Vienne_2016\/wordpress\/les-elus\/la-tribune\/juillet-aout-2024\/\" data-type=\"page\" data-id=\"4699\" target=\"_blank\" rel=\"noreferrer noopener\">JA<\/a><\/td><td><a href=\"https:\/\/unionpourlavienne.fr\/Union_Vienne_2016\/wordpress\/les-elus\/la-tribune\/septembre-2024\/\" data-type=\"page\" data-id=\"4718\">S<\/a><\/td><td><\/td><td><\/td><td><a href=\"https:\/\/unionpourlavienne.fr\/Union_Vienne_2016\/wordpress\/les-elus\/la-tribune\/decembre-2024\/\" data-type=\"page\" data-id=\"4775\" target=\"_blank\" rel=\"noreferrer noopener\">D<\/a><\/td><\/tr><tr><td>2023<\/td><td><a href=\"https:\/\/unionpourlavienne.fr\/Union_Vienne_2016\/wordpress\/les-elus\/la-tribune\/janvier-2023\/\">J<\/a><\/td><td><a href=\"https:\/\/unionpourlavienne.fr\/Union_Vienne_2016\/wordpress\/les-elus\/la-tribune\/fevrier-2023\/\">F<\/a><\/td><td><a href=\"https:\/\/unionpourlavienne.fr\/Union_Vienne_2016\/wordpress\/les-elus\/la-tribune\/mars-2023\/\">M<\/a><\/td><td><a href=\"https:\/\/unionpourlavienne.fr\/Union_Vienne_2016\/wordpress\/les-elus\/la-tribune\/avril-2023\/\">A<\/a><\/td><td><a href=\"https:\/\/unionpourlavienne.fr\/Union_Vienne_2016\/wordpress\/les-elus\/la-tribune\/mai-2023\/\" target=\"_blank\" rel=\"noopener\">M<\/a><\/td><td>&#8211;<\/td><td><a href=\"https:\/\/unionpourlavienne.fr\/Union_Vienne_2016\/wordpress\/les-elus\/la-tribune\/juillet-aout-2023\/\" target=\"_blank\" rel=\"noopener\">JA<\/a><\/td><td><a rel=\"noreferrer noopener\" href=\"https:\/\/unionpourlavienne.fr\/Union_Vienne_2016\/wordpress\/les-elus\/la-tribune\/septembre-2023\/\" data-type=\"page\" data-id=\"4577\" target=\"_blank\">S<\/a><\/td><td>&nbsp;<a href=\"https:\/\/unionpourlavienne.fr\/Union_Vienne_2016\/wordpress\/les-elus\/la-tribune\/octobre-2023\/\" data-type=\"page\" data-id=\"4580\" target=\"_blank\" rel=\"noreferrer noopener\">O<\/a><\/td><td>&nbsp;<\/td><td><a href=\"https:\/\/unionpourlavienne.fr\/Union_Vienne_2016\/wordpress\/les-elus\/la-tribune\/decembre-2023\/\" data-type=\"page\" data-id=\"4574\" target=\"_blank\" rel=\"noreferrer noopener\">D<\/a><\/td><\/tr><tr><td>2022<\/td><td><a href=\"https:\/\/unionpourlavienne.fr\/Union_Vienne_2016\/wordpress\/les-elus\/la-tribune\/janvier-2022\/\">J<\/a><\/td><td><a href=\"https:\/\/unionpourlavienne.fr\/Union_Vienne_2016\/wordpress\/les-elus\/la-tribune\/fevrier-2022\/\">F<\/a><\/td><td><a href=\"https:\/\/unionpourlavienne.fr\/Union_Vienne_2016\/wordpress\/les-elus\/la-tribune\/mars-2022\/\">M<\/a><\/td><td><a href=\"https:\/\/unionpourlavienne.fr\/Union_Vienne_2016\/wordpress\/les-elus\/la-tribune\/avril-2022\/\">A<\/a><\/td><td><a href=\"https:\/\/unionpourlavienne.fr\/Union_Vienne_2016\/wordpress\/les-elus\/la-tribune\/mai-2022\/\">M<\/a><\/td><td>&#8211;<\/td><td><a href=\"https:\/\/unionpourlavienne.fr\/Union_Vienne_2016\/wordpress\/les-elus\/la-tribune\/juillet2022\/\" target=\"_blank\" rel=\"noopener\">JA<\/a><\/td><td><a href=\"https:\/\/unionpourlavienne.fr\/Union_Vienne_2016\/wordpress\/les-elus\/la-tribune\/septembre-2022\/\" target=\"_blank\" rel=\"noopener\">S<\/a><\/td><td><a href=\"https:\/\/unionpourlavienne.fr\/Union_Vienne_2016\/wordpress\/les-elus\/la-tribune\/octobre-2022\/\">O<\/a><\/td><td>&#8211;&nbsp;<\/td><td><a href=\"https:\/\/unionpourlavienne.fr\/Union_Vienne_2016\/wordpress\/les-elus\/la-tribune\/decembre-2022\/\">D<\/a><\/td><\/tr><tr><td>2021<\/td><td><a href=\"https:\/\/unionpourlavienne.fr\/Union_Vienne_2016\/wordpress\/les-elus\/la-tribune\/janvier-2021\/\" target=\"_blank\" rel=\"noopener noreferrer\">J<\/a><\/td><td><a href=\"https:\/\/unionpourlavienne.fr\/Union_Vienne_2016\/wordpress\/les-elus\/la-tribune\/fevrier-2021\/\" target=\"_blank\" rel=\"noopener noreferrer\">F<\/a><\/td><td><a href=\"https:\/\/unionpourlavienne.fr\/Union_Vienne_2016\/wordpress\/les-elus\/la-tribune\/mars-2021\/\" target=\"_blank\" rel=\"noopener noreferrer\">M<\/a><\/td><td><a href=\"https:\/\/unionpourlavienne.fr\/Union_Vienne_2016\/wordpress\/les-elus\/la-tribune\/avril-2021\/\" target=\"_blank\" rel=\"noopener noreferrer\">A<\/a><\/td><td><a href=\"https:\/\/unionpourlavienne.fr\/Union_Vienne_2016\/wordpress\/les-elus\/la-tribune\/mai-2021\/\" target=\"_blank\" rel=\"noopener noreferrer\">M<\/a><\/td><td>&#8211;<\/td><td><a href=\"https:\/\/unionpourlavienne.fr\/Union_Vienne_2016\/wordpress\/les-elus\/la-tribune\/juilletaout-2021\/\" target=\"_blank\" rel=\"noopener noreferrer\">JA<\/a><\/td><td><a href=\"https:\/\/unionpourlavienne.fr\/Union_Vienne_2016\/wordpress\/les-elus\/la-tribune\/septembre-2021\/\" target=\"_blank\" rel=\"noopener noreferrer\">S<\/a><\/td><td><a href=\"https:\/\/unionpourlavienne.fr\/Union_Vienne_2016\/wordpress\/les-elus\/la-tribune\/octobre-2021\/\">O<\/a><\/td><td>&nbsp;<a href=\"https:\/\/unionpourlavienne.fr\/Union_Vienne_2016\/wordpress\/les-elus\/la-tribune\/novembre-2021\/\">N<\/a><\/td><td>&nbsp;<a href=\"https:\/\/unionpourlavienne.fr\/Union_Vienne_2016\/wordpress\/les-elus\/la-tribune\/decembre-2021\/\">D<\/a><\/td><\/tr><tr><td>2020<\/td><td><a href=\"https:\/\/unionpourlavienne.fr\/Union_Vienne_2016\/wordpress\/les-elus\/la-tribune\/janvier-2020\/\" data-wplink-edit=\"true\">J<\/a><\/td><td><a href=\"https:\/\/unionpourlavienne.fr\/Union_Vienne_2016\/wordpress\/les-elus\/la-tribune\/fevrier-2020\/\">F<\/a><\/td><td>&nbsp;&#8211;<\/td><td>&#8211;<\/td><td>&#8211;<\/td><td><a href=\"https:\/\/unionpourlavienne.fr\/Union_Vienne_2016\/wordpress\/les-elus\/la-tribune\/juilletaout-2020\/\">J<\/a><\/td><td>&#8211;<\/td><td>&nbsp;<a href=\"https:\/\/unionpourlavienne.fr\/Union_Vienne_2016\/wordpress\/les-elus\/la-tribune\/septembre-2020\/\">S<\/a><\/td><td><a href=\"https:\/\/unionpourlavienne.fr\/Union_Vienne_2016\/wordpress\/les-elus\/la-tribune\/octobre-2020\/\" target=\"_blank\" rel=\"noopener noreferrer\">O<\/a><\/td><td><a href=\"https:\/\/unionpourlavienne.fr\/Union_Vienne_2016\/wordpress\/les-elus\/la-tribune\/novembre-2020\/\" target=\"_blank\" rel=\"noopener noreferrer\">N<\/a><\/td><td><a href=\"https:\/\/unionpourlavienne.fr\/Union_Vienne_2016\/wordpress\/les-elus\/la-tribune\/decembre-2020\/\" target=\"_blank\" rel=\"noopener noreferrer\">D<\/a><\/td><\/tr><tr><td>2019<\/td><td><a href=\"https:\/\/unionpourlavienne.fr\/Union_Vienne_2016\/wordpress\/les-elus\/la-tribune\/janvier-2019\/\">J<\/a><\/td><td><a href=\"https:\/\/unionpourlavienne.fr\/Union_Vienne_2016\/wordpress\/les-elus\/la-tribune\/fevrier-2019\/\">F<\/a><\/td><td>&#8211;<\/td><td><a href=\"https:\/\/unionpourlavienne.fr\/Union_Vienne_2016\/wordpress\/les-elus\/la-tribune\/avril-2019-2\/\" target=\"_blank\" rel=\"noopener noreferrer\">A<\/a><\/td><td><a href=\"https:\/\/unionpourlavienne.fr\/Union_Vienne_2016\/wordpress\/les-elus\/la-tribune\/mai-2019\/\">M<\/a><\/td><td><a href=\"https:\/\/unionpourlavienne.fr\/Union_Vienne_2016\/wordpress\/les-elus\/la-tribune\/juin-2019\/\">J<\/a><\/td><td>&#8211;<\/td><td><a href=\"https:\/\/unionpourlavienne.fr\/Union_Vienne_2016\/wordpress\/les-elus\/la-tribune\/septembre-2019\/\" target=\"_blank\" rel=\"noopener noreferrer\">S<\/a><\/td><td><a href=\"https:\/\/unionpourlavienne.fr\/Union_Vienne_2016\/wordpress\/les-elus\/la-tribune\/octobre-2019\/\" target=\"_blank\" rel=\"noopener noreferrer\">O<\/a><\/td><td>&#8211;<\/td><td><a href=\"https:\/\/unionpourlavienne.fr\/Union_Vienne_2016\/wordpress\/les-elus\/la-tribune\/decembre-2019\/\">D<\/a><\/td><\/tr><tr><td>2018<\/td><td><a href=\"https:\/\/unionpourlavienne.fr\/Union_Vienne_2016\/wordpress\/les-elus\/la-tribune\/janvier-2018\/\">J<\/a><\/td><td>&#8211;<\/td><td><a href=\"https:\/\/unionpourlavienne.fr\/Union_Vienne_2016\/wordpress\/les-elus\/la-tribune\/mars-2018\/\">M<\/a><\/td><td><a href=\"https:\/\/unionpourlavienne.fr\/Union_Vienne_2016\/wordpress\/les-elus\/la-tribune\/avril-2018\/\">A<\/a><\/td><td><a href=\"https:\/\/unionpourlavienne.fr\/Union_Vienne_2016\/wordpress\/les-elus\/la-tribune\/mai-2018\/\" target=\"_blank\" rel=\"noopener noreferrer\">M<\/a><\/td><td><a href=\"https:\/\/unionpourlavienne.fr\/Union_Vienne_2016\/wordpress\/les-elus\/la-tribune\/juin-2018\/\">J<\/a><\/td><td><a href=\"https:\/\/unionpourlavienne.fr\/Union_Vienne_2016\/wordpress\/les-elus\/la-tribune\/juilletaout-2018\/\">&nbsp;JA<\/a><\/td><td>&nbsp;<a href=\"https:\/\/unionpourlavienne.fr\/Union_Vienne_2016\/wordpress\/les-elus\/la-tribune\/septembre-2018\/\" target=\"_blank\" rel=\"noopener noreferrer\">S<\/a><\/td><td><a href=\"https:\/\/unionpourlavienne.fr\/Union_Vienne_2016\/wordpress\/les-elus\/la-tribune\/octobre-2018\/\">O<\/a><\/td><td>&nbsp;&#8211;<\/td><td><a href=\"https:\/\/unionpourlavienne.fr\/Union_Vienne_2016\/wordpress\/les-elus\/la-tribune\/decembre-2018-2\/\">D<\/a><\/td><\/tr><tr><td>2017<\/td><td><a href=\"https:\/\/unionpourlavienne.fr\/Union_Vienne_2016\/wordpress\/les-elus\/la-tribune\/janvier-2017\/\">J<\/a><\/td><td><a href=\"https:\/\/unionpourlavienne.fr\/Union_Vienne_2016\/wordpress\/les-elus\/la-tribune\/fevrier-2017\/\">F<\/a><\/td><td><a href=\"https:\/\/unionpourlavienne.fr\/Union_Vienne_2016\/wordpress\/les-elus\/la-tribune\/mars-2017\/\">M<\/a><\/td><td><a href=\"https:\/\/unionpourlavienne.fr\/Union_Vienne_2016\/wordpress\/les-elus\/la-tribune\/avril-2017\/\">A<\/a><\/td><td><a href=\"https:\/\/unionpourlavienne.fr\/Union_Vienne_2016\/wordpress\/les-elus\/la-tribune\/mai-2017\/\">M<\/a><\/td><td><a href=\"https:\/\/unionpourlavienne.fr\/Union_Vienne_2016\/wordpress\/les-elus\/la-tribune\/juin-2017\/\">J<\/a><\/td><td><a href=\"https:\/\/unionpourlavienne.fr\/Union_Vienne_2016\/wordpress\/les-elus\/la-tribune\/ete-2017\/\">JA&nbsp;<\/a><\/td><td><a href=\"https:\/\/unionpourlavienne.fr\/Union_Vienne_2016\/wordpress\/les-elus\/la-tribune\/septembre-2017\/\">S<\/a><\/td><td>&nbsp;<a href=\"https:\/\/unionpourlavienne.fr\/Union_Vienne_2016\/wordpress\/les-elus\/la-tribune\/octobre-2017\/\">O<\/a><\/td><td>&nbsp;&#8211;<\/td><td><a href=\"https:\/\/unionpourlavienne.fr\/Union_Vienne_2016\/wordpress\/les-elus\/la-tribune\/decembre-2018\/\">D<\/a><\/td><\/tr><tr><td>2016<\/td><td><a href=\"https:\/\/unionpourlavienne.fr\/Union_Vienne_2016\/wordpress\/les-elus\/la-tribune\/janvier-2016\/\">J<\/a><\/td><td><a href=\"https:\/\/unionpourlavienne.fr\/Union_Vienne_2016\/wordpress\/les-elus\/la-tribune\/la-tribune-de-fevrier-2016\/\">F<\/a><\/td><td><a href=\"https:\/\/unionpourlavienne.fr\/Union_Vienne_2016\/wordpress\/les-elus\/la-tribune\/mars-2016\/\">M<\/a><\/td><td><a href=\"https:\/\/unionpourlavienne.fr\/Union_Vienne_2016\/wordpress\/avril-2016\/\">A<\/a><\/td><td><a href=\"https:\/\/unionpourlavienne.fr\/Union_Vienne_2016\/wordpress\/les-elus\/la-tribune\/mai-2016-2\/\">M<\/a><\/td><td><a href=\"https:\/\/unionpourlavienne.fr\/Union_Vienne_2016\/wordpress\/les-elus\/la-tribune\/juin-2016\/\">J<\/a><\/td><td>&nbsp;<a href=\"https:\/\/unionpourlavienne.fr\/Union_Vienne_2016\/wordpress\/les-elus\/la-tribune\/juillet-2016\/\">JA<\/a><\/td><td><a href=\"https:\/\/unionpourlavienne.fr\/Union_Vienne_2016\/wordpress\/les-elus\/la-tribune\/septembre-2016\/\">S<\/a><\/td><td>&#8211;<\/td><td><a href=\"https:\/\/unionpourlavienne.fr\/Union_Vienne_2016\/wordpress\/les-elus\/la-tribune\/novembre-2016-2\/\">N<\/a><\/td><td><a href=\"https:\/\/unionpourlavienne.fr\/Union_Vienne_2016\/wordpress\/les-elus\/la-tribune\/decembre-2016\/\" target=\"_blank\" rel=\"noopener noreferrer\">D<\/a><\/td><\/tr><tr><td>2015<\/td><td>&nbsp;&#8211;<\/td><td>&#8211;<\/td><td>&nbsp;&#8211;<\/td><td><a href=\"https:\/\/unionpourlavienne.fr\/Union_Vienne_2016\/wordpress\/les-elus\/la-tribune\/avril-2015\/\">A<\/a><\/td><td>&#8211;<\/td><td><a href=\"https:\/\/unionpourlavienne.fr\/Union_Vienne_2016\/wordpress\/les-elus\/la-tribune\/juin-2015\/\">J<\/a><\/td><td>&#8211;<\/td><td><a href=\"https:\/\/unionpourlavienne.fr\/Union_Vienne_2016\/wordpress\/les-elus\/la-tribune\/septembre-2015\/\">S<\/a><\/td><td>&#8211;<\/td><td><a href=\"https:\/\/unionpourlavienne.fr\/Union_Vienne_2016\/wordpress\/les-elus\/la-tribune\/novembre-2015\/\">N<\/a><\/td><td><a href=\"https:\/\/unionpourlavienne.fr\/Union_Vienne_2016\/wordpress\/les-elus\/la-tribune\/decembre-2015\/\">D<\/a><\/td><\/tr><\/tbody><\/table><\/figure>\n\n\n\n<p><\/p>\n","protected":false},"excerpt":{"rendered":"<p>Janvier &#8211; f\u00e9vrier 2026 2026 : le choix de l\u2019action ! \u00c0 l\u2019aube de cette nouvelle ann\u00e9e, notre Majorit\u00e9 d\u00e9partementale<\/p>\n","protected":false},"author":1,"featured_media":0,"parent":18,"menu_order":0,"comment_status":"closed","ping_status":"closed","template":"","meta":[],"_links":{"self":[{"href":"https:\/\/unionpourlavienne.fr\/Union_Vienne_2016\/wordpress\/wp-json\/wp\/v2\/pages\/22"}],"collection":[{"href":"https:\/\/unionpourlavienne.fr\/Union_Vienne_2016\/wordpress\/wp-json\/wp\/v2\/pages"}],"about":[{"href":"https:\/\/unionpourlavienne.fr\/Union_Vienne_2016\/wordpress\/wp-json\/wp\/v2\/types\/page"}],"author":[{"embeddable":true,"href":"https:\/\/unionpourlavienne.fr\/Union_Vienne_2016\/wordpress\/wp-json\/wp\/v2\/users\/1"}],"replies":[{"embeddable":true,"href":"https:\/\/unionpourlavienne.fr\/Union_Vienne_2016\/wordpress\/wp-json\/wp\/v2\/comments?post=22"}],"version-history":[{"count":96,"href":"https:\/\/unionpourlavienne.fr\/Union_Vienne_2016\/wordpress\/wp-json\/wp\/v2\/pages\/22\/revisions"}],"predecessor-version":[{"id":5012,"href":"https:\/\/unionpourlavienne.fr\/Union_Vienne_2016\/wordpress\/wp-json\/wp\/v2\/pages\/22\/revisions\/5012"}],"up":[{"embeddable":true,"href":"https:\/\/unionpourlavienne.fr\/Union_Vienne_2016\/wordpress\/wp-json\/wp\/v2\/pages\/18"}],"wp:attachment":[{"href":"https:\/\/unionpourlavienne.fr\/Union_Vienne_2016\/wordpress\/wp-json\/wp\/v2\/media?parent=22"}],"curies":[{"name":"wp","href":"https:\/\/api.w.org\/{rel}","templated":true}]}}