{"id":26,"date":"2016-02-17T15:56:49","date_gmt":"2016-02-17T14:56:49","guid":{"rendered":"http:\/\/unionpourlavienne.fr\/Union_Vienne_2016\/wordpress\/?page_id=26"},"modified":"2021-07-07T14:17:15","modified_gmt":"2021-07-07T13:17:15","slug":"le-departement","status":"publish","type":"page","link":"https:\/\/unionpourlavienne.fr\/Union_Vienne_2016\/wordpress\/le-departement\/","title":{"rendered":"Le d\u00e9partement"},"content":{"rendered":"<p>La <b>Vienne<\/b> \u00a0est un d\u00e9partement fran\u00e7ais travers\u00e9 par la rivi\u00e8re de la Vienne.<\/p>\n<p>Neuvi\u00e8me d\u00e9partement le plus \u00e9tendu de la r\u00e9gion Nouvelle Aquitaine et <abbr class=\"abbr\" title=\"Seizi\u00e8me\">16<sup>e<\/sup><\/abbr> plus grand d\u00e9partement de la France m\u00e9tropolitaine, il se caract\u00e9rise cependant par un peuplement moyen mais, gr\u00e2ce \u00e0 sa pr\u00e9fecture Poitiers et aussi gr\u00e2ce \u00e0 sa situation g\u00e9ographique sur l&rsquo;axe Paris-Bordeaux-Espagne, il affirme un dynamisme certain et une forte vitalit\u00e9 \u00e9conomique.<\/p>\n<p>Sa devise est \u00ab\u00a0Demain vous appartient\u00a0!\u00a0\u00bb (r\u00e9f\u00e9rence au Futuroscope, principal p\u00f4le \u00e9conomique du d\u00e9partement).<\/p>\n<p>Les habitants de la Vienne sont appel\u00e9s les <i>Viennois<\/i>.<\/p>\n<p>L&rsquo;Institut national de la statistique et des \u00e9tudes \u00e9conomiques (Insee) et La Poste lui attribuent le <span class=\"nowrap\">code 86<\/span>.<\/p>\n<p style=\"text-align: right;\">Source : <a href=\"https:\/\/fr.wikipedia.org\/wiki\/Vienne_(d%C3%A9partement)\" target=\"_blank\" rel=\"noopener noreferrer\">Wikip\u00e9dia<\/a><\/p>\n<p>&nbsp;<\/p>\n<h2 style=\"text-align: center;\"><a href=\"https:\/\/unionpourlavienne.fr\/Union_Vienne_2016\/wordpress\/le-departement\/la-carte-de-la-vienne\/\">La carte de la Vienne<\/a> \u00a0 \u00a0 &#8211; \u00a0 \u00a0 <a href=\"https:\/\/unionpourlavienne.fr\/Union_Vienne_2016\/wordpress\/le-departement\/les-19-cantons\/\">Les 19 cantons<\/a><\/h2>\n","protected":false},"excerpt":{"rendered":"<p>La Vienne \u00a0est un d\u00e9partement fran\u00e7ais travers\u00e9 par la rivi\u00e8re de la Vienne. Neuvi\u00e8me d\u00e9partement le plus \u00e9tendu de la<\/p>\n","protected":false},"author":1,"featured_media":0,"parent":0,"menu_order":0,"comment_status":"closed","ping_status":"closed","template":"","meta":[],"_links":{"self":[{"href":"https:\/\/unionpourlavienne.fr\/Union_Vienne_2016\/wordpress\/wp-json\/wp\/v2\/pages\/26"}],"collection":[{"href":"https:\/\/unionpourlavienne.fr\/Union_Vienne_2016\/wordpress\/wp-json\/wp\/v2\/pages"}],"about":[{"href":"https:\/\/unionpourlavienne.fr\/Union_Vienne_2016\/wordpress\/wp-json\/wp\/v2\/types\/page"}],"author":[{"embeddable":true,"href":"https:\/\/unionpourlavienne.fr\/Union_Vienne_2016\/wordpress\/wp-json\/wp\/v2\/users\/1"}],"replies":[{"embeddable":true,"href":"https:\/\/unionpourlavienne.fr\/Union_Vienne_2016\/wordpress\/wp-json\/wp\/v2\/comments?post=26"}],"version-history":[{"count":5,"href":"https:\/\/unionpourlavienne.fr\/Union_Vienne_2016\/wordpress\/wp-json\/wp\/v2\/pages\/26\/revisions"}],"predecessor-version":[{"id":3842,"href":"https:\/\/unionpourlavienne.fr\/Union_Vienne_2016\/wordpress\/wp-json\/wp\/v2\/pages\/26\/revisions\/3842"}],"wp:attachment":[{"href":"https:\/\/unionpourlavienne.fr\/Union_Vienne_2016\/wordpress\/wp-json\/wp\/v2\/media?parent=26"}],"curies":[{"name":"wp","href":"https:\/\/api.w.org\/{rel}","templated":true}]}}