{"id":294,"date":"2016-02-19T14:43:39","date_gmt":"2016-02-19T13:43:39","guid":{"rendered":"http:\/\/unionpourlavienne.fr\/Union_Vienne_2016\/wordpress\/?page_id=294"},"modified":"2016-02-19T14:43:39","modified_gmt":"2016-02-19T13:43:39","slug":"mentions-legales","status":"publish","type":"page","link":"https:\/\/unionpourlavienne.fr\/Union_Vienne_2016\/wordpress\/mentions-legales\/","title":{"rendered":"Mentions l\u00e9gales"},"content":{"rendered":"<p>Le site MAJORITE DEPARTEMENTALE est la propri\u00e9t\u00e9 des \u00e9lus de la majorit\u00e9 d\u00e9partementale.<\/p>\n<p>Conform\u00e9ment aux articles 26 et 27 de la Loi n\u00b0 78-17 \u00ab\u00a0Informatiques et Libert\u00e9s\u00a0\u00bb du 6 janvier 1978, vous pouvez vous opposer (partiellement ou totalement) \u00e0 la diffusion d&rsquo;informations vous concernant sur ce site Internet.<\/p>\n<p>Pour exercer votre droit d&rsquo;acc\u00e8s, de modification, de rectification et de suppression des donn\u00e9es diffus\u00e9es qui vous sont attach\u00e9es (article 34 de la Loi \u00ab\u00a0Informatiques et Libert\u00e9s\u00a0\u00bb), adressez-vous aux \u00e9lus de la majorit\u00e9 d\u00e9partementale :<\/p>\n<h3 style=\"text-align: center;\">Union pour la Vienne<\/h3>\n<p style=\"text-align: center;\"><img loading=\"lazy\" class=\"alignnone size-full wp-image-6\" src=\"https:\/\/unionpourlavienne.fr\/Union_Vienne_2016\/wordpress\/wp-content\/uploads\/2016\/02\/union-1.jpg\" alt=\"union-1\" width=\"131\" height=\"100\" \/><\/p>\n<p style=\"text-align: center;\"><a href=\"mailto:info@unionpourlavienne.fr\">info@unionpourlavienne.fr\u00a0<\/a><\/p>\n<p>Toute reproduction (m\u00eame partielle) du site ou d&rsquo;\u00e9l\u00e9ments de ce site est interdite.<\/p>\n","protected":false},"excerpt":{"rendered":"<p>Le site MAJORITE DEPARTEMENTALE est la propri\u00e9t\u00e9 des \u00e9lus de la majorit\u00e9 d\u00e9partementale. Conform\u00e9ment aux articles 26 et 27 de<\/p>\n","protected":false},"author":1,"featured_media":0,"parent":0,"menu_order":0,"comment_status":"closed","ping_status":"closed","template":"","meta":[],"_links":{"self":[{"href":"https:\/\/unionpourlavienne.fr\/Union_Vienne_2016\/wordpress\/wp-json\/wp\/v2\/pages\/294"}],"collection":[{"href":"https:\/\/unionpourlavienne.fr\/Union_Vienne_2016\/wordpress\/wp-json\/wp\/v2\/pages"}],"about":[{"href":"https:\/\/unionpourlavienne.fr\/Union_Vienne_2016\/wordpress\/wp-json\/wp\/v2\/types\/page"}],"author":[{"embeddable":true,"href":"https:\/\/unionpourlavienne.fr\/Union_Vienne_2016\/wordpress\/wp-json\/wp\/v2\/users\/1"}],"replies":[{"embeddable":true,"href":"https:\/\/unionpourlavienne.fr\/Union_Vienne_2016\/wordpress\/wp-json\/wp\/v2\/comments?post=294"}],"version-history":[{"count":1,"href":"https:\/\/unionpourlavienne.fr\/Union_Vienne_2016\/wordpress\/wp-json\/wp\/v2\/pages\/294\/revisions"}],"predecessor-version":[{"id":295,"href":"https:\/\/unionpourlavienne.fr\/Union_Vienne_2016\/wordpress\/wp-json\/wp\/v2\/pages\/294\/revisions\/295"}],"wp:attachment":[{"href":"https:\/\/unionpourlavienne.fr\/Union_Vienne_2016\/wordpress\/wp-json\/wp\/v2\/media?parent=294"}],"curies":[{"name":"wp","href":"https:\/\/api.w.org\/{rel}","templated":true}]}}