{"id":299,"date":"2016-02-19T14:45:22","date_gmt":"2016-02-19T13:45:22","guid":{"rendered":"http:\/\/unionpourlavienne.fr\/Union_Vienne_2016\/wordpress\/?page_id=299"},"modified":"2016-02-23T17:25:25","modified_gmt":"2016-02-23T16:25:25","slug":"contactez-vos-elus","status":"publish","type":"page","link":"https:\/\/unionpourlavienne.fr\/Union_Vienne_2016\/wordpress\/contactez-vos-elus\/","title":{"rendered":"Contactez vos \u00e9lus"},"content":{"rendered":"<p>Vous pouvez nous envoyer vos courriers \u00e9lectroniques sur les sujets qui vous tiennent \u00e0 c\u0153ur. Quelles que soient votre question, votre suggestion ou votre pr\u00e9occupation, nous nous engageons \u00e0 vous apporter une r\u00e9ponse dans les meilleurs d\u00e9lais !<\/p>\n<div role=\"form\" class=\"wpcf7\" id=\"wpcf7-f661-o1\" lang=\"fr-FR\" dir=\"ltr\">\n<div class=\"screen-reader-response\"><p role=\"status\" aria-live=\"polite\" aria-atomic=\"true\"><\/p> <ul><\/ul><\/div>\n<form action=\"\/Union_Vienne_2016\/wordpress\/wp-json\/wp\/v2\/pages\/299#wpcf7-f661-o1\" method=\"post\" class=\"wpcf7-form init\" novalidate=\"novalidate\" data-status=\"init\">\n<div style=\"display: none;\">\n<input type=\"hidden\" name=\"_wpcf7\" value=\"661\" \/>\n<input type=\"hidden\" name=\"_wpcf7_version\" value=\"5.6.3\" \/>\n<input type=\"hidden\" name=\"_wpcf7_locale\" value=\"fr_FR\" \/>\n<input type=\"hidden\" name=\"_wpcf7_unit_tag\" value=\"wpcf7-f661-o1\" \/>\n<input type=\"hidden\" name=\"_wpcf7_container_post\" value=\"0\" \/>\n<input type=\"hidden\" name=\"_wpcf7_posted_data_hash\" value=\"\" \/>\n<\/div>\n<p>Votre nom (obligatoire)<br \/>\n    <span class=\"wpcf7-form-control-wrap\" data-name=\"your-name\"><input type=\"text\" name=\"your-name\" value=\"\" size=\"40\" class=\"wpcf7-form-control wpcf7-text wpcf7-validates-as-required\" aria-required=\"true\" aria-invalid=\"false\" \/><\/span> <\/p>\n<p>Votre pr\u00e9nom<br \/>\n    <span class=\"wpcf7-form-control-wrap\" data-name=\"your-prenom\"><input type=\"text\" name=\"your-prenom\" value=\"\" size=\"40\" class=\"wpcf7-form-control wpcf7-text wpcf7-validates-as-required\" aria-required=\"true\" aria-invalid=\"false\" \/><\/span> <\/p>\n<p>Votre email (obligatoire)<br \/>\n    <span class=\"wpcf7-form-control-wrap\" data-name=\"your-email\"><input type=\"email\" name=\"your-email\" value=\"\" size=\"40\" class=\"wpcf7-form-control wpcf7-text wpcf7-email wpcf7-validates-as-required wpcf7-validates-as-email\" aria-required=\"true\" aria-invalid=\"false\" \/><\/span> <\/p>\n<p>Sujet<br \/>\n    <span class=\"wpcf7-form-control-wrap\" data-name=\"your-subject\"><input type=\"text\" name=\"your-subject\" value=\"\" size=\"40\" class=\"wpcf7-form-control wpcf7-text\" aria-invalid=\"false\" \/><\/span> <\/p>\n<p><span class=\"wpcf7-form-control-wrap\" data-name=\"Destinataire\"><select name=\"Destinataire\" class=\"wpcf7-form-control wpcf7-select\" id=\"choix-elus\" aria-invalid=\"false\"><option value=\"Alain Pichon\">Alain Pichon<\/option><option value=\"Val\u00e9rie Dauge\">Val\u00e9rie Dauge<\/option><option value=\"Henri Colin\">Henri Colin<\/option><option value=\"Pascale Moreau\">Pascale Moreau<\/option><option value=\"Claude Eidelstein\">Claude Eidelstein<\/option><option value=\"Rose-Marie Bertaud\">Rose-Marie Bertaud<\/option><option value=\"Gilbert Beaujaneau\">Gilbert Beaujaneau<\/option><option value=\"Pascale Guittet\">Pascale Guittet<\/option><option value=\"Benoit Coquelet\">Benoit Coquelet<\/option><option value=\"S\u00e9verine Saint-P\u00e9\">S\u00e9verine Saint-P\u00e9<\/option><option value=\"Jean-Louis Ledeux\">Jean-Louis Ledeux<\/option><option value=\"Marie-Ren\u00e9e Desroses\">Marie-Ren\u00e9e Desroses<\/option><option value=\"Guillaume de Russ\u00e9\">Guillaume de Russ\u00e9<\/option><option value=\"Anne-Florence Bourat\">Anne-Florence Bourat<\/option><option value=\"Jo\u00eblle Bretaudeau\">Jo\u00eblle Bretaudeau<\/option><option value=\"Brigitte Abaux\">Brigitte Abaux<\/option><option value=\"Isabelle Barreau\">Isabelle Barreau<\/option><option value=\"Sybil P\u00e9criaux\">Sybil P\u00e9criaux<\/option><option value=\"Bruno Belin\">Bruno Belin<\/option><option value=\"Fran\u00e7ois Bock\">Fran\u00e7ois Bock<\/option><option value=\"Jean-Olivier Geoffroy\">Jean-Olivier Geoffroy<\/option><option value=\"G\u00e9rard Herbert\">G\u00e9rard Herbert<\/option><option value=\"Alain Joyeux\">Alain Joyeux<\/option><option value=\"Sandrine Barraud\">Sandrine Barraud<\/option><option value=\"J\u00e9r\u00f4me Neveux\">J\u00e9r\u00f4me Neveux<\/option><option value=\"Marie-Jeanne Bellamy\">Marie-Jeanne Bellamy<\/option><option value=\"G\u00e9rard P\u00e9rochon\">G\u00e9rard P\u00e9rochon<\/option><option value=\"Val\u00e9rie Chebassier\">Val\u00e9rie Chebassier<\/option><option value=\"Benoit Prin\u00e7ay\">Benoit Prin\u00e7ay<\/option><option value=\"Lydie Noirault\">Lydie Noirault<\/option><option value=\"Tous les \u00e9lus\">Tous les \u00e9lus<\/option><\/select><\/span><\/p>\n<p>Votre message<br \/>\n    <span class=\"wpcf7-form-control-wrap\" data-name=\"your-message\"><input type=\"text\" name=\"your-message\" value=\"\" size=\"40\" class=\"wpcf7-form-control wpcf7-text\" aria-invalid=\"false\" \/><\/span> <\/p>\n<p>Votre r\u00e9ponse en lettre <span class=\"wpcf7-form-control-wrap\" data-name=\"quiz-914\"><label><span class=\"wpcf7-quiz-label\">1+7<\/span> <input type=\"text\" name=\"quiz-914\" size=\"40\" class=\"wpcf7-form-control wpcf7-quiz\" id=\"repquiz\" autocomplete=\"off\" aria-required=\"true\" aria-invalid=\"false\" \/><\/label><input type=\"hidden\" name=\"_wpcf7_quiz_answer_quiz-914\" value=\"5b493e1553c6981ff6a4ce9651ba064a\" \/><\/span><\/p>\n<p><input type=\"submit\" value=\"Envoyer\" class=\"wpcf7-form-control has-spinner wpcf7-submit\" \/><\/p>\n<p style=\"display: none !important;\" class=\"akismet-fields-container\" data-prefix=\"_wpcf7_ak_\"><label>&#916;<textarea name=\"_wpcf7_ak_hp_textarea\" cols=\"45\" rows=\"8\" maxlength=\"100\"><\/textarea><\/label><input type=\"hidden\" id=\"ak_js_1\" name=\"_wpcf7_ak_js\" value=\"122\"\/><script>document.getElementById( \"ak_js_1\" ).setAttribute( \"value\", ( new Date() ).getTime() );<\/script><\/p><div class=\"wpcf7-response-output\" aria-hidden=\"true\"><\/div><\/form><\/div>\n","protected":false},"excerpt":{"rendered":"<p>Vous pouvez nous envoyer vos courriers \u00e9lectroniques sur les sujets qui vous tiennent \u00e0 c\u0153ur. Quelles que soient votre question,<\/p>\n","protected":false},"author":1,"featured_media":0,"parent":0,"menu_order":0,"comment_status":"closed","ping_status":"closed","template":"","meta":[],"_links":{"self":[{"href":"https:\/\/unionpourlavienne.fr\/Union_Vienne_2016\/wordpress\/wp-json\/wp\/v2\/pages\/299"}],"collection":[{"href":"https:\/\/unionpourlavienne.fr\/Union_Vienne_2016\/wordpress\/wp-json\/wp\/v2\/pages"}],"about":[{"href":"https:\/\/unionpourlavienne.fr\/Union_Vienne_2016\/wordpress\/wp-json\/wp\/v2\/types\/page"}],"author":[{"embeddable":true,"href":"https:\/\/unionpourlavienne.fr\/Union_Vienne_2016\/wordpress\/wp-json\/wp\/v2\/users\/1"}],"replies":[{"embeddable":true,"href":"https:\/\/unionpourlavienne.fr\/Union_Vienne_2016\/wordpress\/wp-json\/wp\/v2\/comments?post=299"}],"version-history":[{"count":4,"href":"https:\/\/unionpourlavienne.fr\/Union_Vienne_2016\/wordpress\/wp-json\/wp\/v2\/pages\/299\/revisions"}],"predecessor-version":[{"id":664,"href":"https:\/\/unionpourlavienne.fr\/Union_Vienne_2016\/wordpress\/wp-json\/wp\/v2\/pages\/299\/revisions\/664"}],"wp:attachment":[{"href":"https:\/\/unionpourlavienne.fr\/Union_Vienne_2016\/wordpress\/wp-json\/wp\/v2\/media?parent=299"}],"curies":[{"name":"wp","href":"https:\/\/api.w.org\/{rel}","templated":true}]}}