{"id":3264,"date":"2019-02-21T09:24:35","date_gmt":"2019-02-21T08:24:35","guid":{"rendered":"http:\/\/unionpourlavienne.fr\/Union_Vienne_2016\/wordpress\/?page_id=3264"},"modified":"2019-02-21T09:24:35","modified_gmt":"2019-02-21T08:24:35","slug":"janvier-2019","status":"publish","type":"page","link":"https:\/\/unionpourlavienne.fr\/Union_Vienne_2016\/wordpress\/les-elus\/la-tribune\/janvier-2019\/","title":{"rendered":"Janvier 2019"},"content":{"rendered":"<h1><a href=\"http:\/\/www.lavienne86.fr\/publication\/103\/26-la-vienne-le-magazine.htm?TELECHARGER=1\" target=\"_blank\" rel=\"noopener noreferrer\"><img loading=\"lazy\" class=\"alignright size-full wp-image-3265\" src=\"https:\/\/unionpourlavienne.fr\/Union_Vienne_2016\/wordpress\/wp-content\/uploads\/2019\/02\/jan2019.jpg\" alt=\"\" width=\"250\" height=\"350\" srcset=\"https:\/\/unionpourlavienne.fr\/Union_Vienne_2016\/wordpress\/wp-content\/uploads\/2019\/02\/jan2019.jpg 250w, https:\/\/unionpourlavienne.fr\/Union_Vienne_2016\/wordpress\/wp-content\/uploads\/2019\/02\/jan2019-214x300.jpg 214w\" sizes=\"(max-width: 250px) 100vw, 250px\" \/><\/a>Le Tr\u00e8s Haut-D\u00e9bit Internet pour tous en 2025<\/h1>\n<p>Dans le cadre de son programme d\u2019am\u00e9nagement num\u00e9rique, le D\u00e9partement s\u2019est engag\u00e9 \u00e0 r\u00e9aliser l\u2019\u00e9quipement en Tr\u00e8s haut d\u00e9bit de son territoire sur cinq ans. Ce programme, issu du Sch\u00e9ma Directeur Territorial d\u2019Am\u00e9nagement Num\u00e9rique (SDTAN), comporte notamment un volet de r\u00e9alisation de r\u00e9seaux \u00ab\u00a0tout fibre\u00a0\u00bb pour 28 000 foyers et entreprises ainsi, que l\u2019\u00e9quipement de 92 sites prioritaires. Pour mener \u00e0 bien cette priorit\u00e9, les D\u00e9partements de la Vienne et des Deux-S\u00e8vres ont cr\u00e9\u00e9 respectivement Vienne Num\u00e9rique et Deux-S\u00e8vres Num\u00e9rique, deux structures de portage qui se sont associ\u00e9es sous la forme du groupement de commandes Poitou Num\u00e9rique.<\/p>\n<p>S\u00e9verine Saint-P\u00e9, Pr\u00e9sidente, et Fran\u00e7ois Bock, Vice-pr\u00e9sident de Vienne Num\u00e9rique, ont conduit les op\u00e9rations, de l\u2019\u00e9laboration du projet jusqu\u2019\u00e0 la signature du March\u00e9 Public Global de Performance (MPGP) pour la r\u00e9alisation des 33 000 prises FTTH (Fiber To The Home), dont une grande partie commercialisable d\u00e8s 2019.<\/p>\n<p>La strat\u00e9gie de la Vienne a \u00e9t\u00e9 de cr\u00e9er un r\u00e9seau permettant aux Fournisseurs d\u2019Acc\u00e8s Internet (FAI) d\u2019apporter des r\u00e9ponses en milieu rural, l\u00e0 o\u00f9 l\u2019habitat est dispers\u00e9 et les attentes fortes.<\/p>\n<p>L\u2019objectif du D\u00e9partement, en tant qu\u2019am\u00e9nageur du territoire, est de d\u00e9ployer le plus vite possible la fi bre dans les zones rurales. Une parfaite \u00e9quit\u00e9 pour tous les habitants en termes d\u2019acc\u00e8s au num\u00e9rique avec un maximum de foyers reli\u00e9s \u00e0 la fibre pour 2025.<\/p>\n<p>Ce MPGP a permis de cr\u00e9er un mod\u00e8le \u00e9conomique fi able avec une infrastructure de r\u00e9seau coh\u00e9rente qui prend en compte les d\u00e9veloppements futurs. La Vienne s\u2019est donn\u00e9 les moyens (structure et march\u00e9) de tenir le gouvernail, de ma\u00eetriser le calendrier et les co\u00fbts pour aboutir aux r\u00e9sultats que les habitants attendent sur les territoires.<\/p>\n<p>La Vienne \u00ab\u00a0Num\u00e9rique\u00a0\u00bb, port\u00e9e par une \u00e9quipe dynamique et engag\u00e9e qui vous souhaite une tr\u00e8s Bonne Ann\u00e9e, avance \u00e0 Tr\u00e8s haut d\u00e9bit !<\/p>\n","protected":false},"excerpt":{"rendered":"<p>Le Tr\u00e8s Haut-D\u00e9bit Internet pour tous en 2025 Dans le cadre de son programme d\u2019am\u00e9nagement num\u00e9rique, le D\u00e9partement s\u2019est engag\u00e9<\/p>\n","protected":false},"author":1,"featured_media":0,"parent":22,"menu_order":0,"comment_status":"closed","ping_status":"closed","template":"","meta":[],"_links":{"self":[{"href":"https:\/\/unionpourlavienne.fr\/Union_Vienne_2016\/wordpress\/wp-json\/wp\/v2\/pages\/3264"}],"collection":[{"href":"https:\/\/unionpourlavienne.fr\/Union_Vienne_2016\/wordpress\/wp-json\/wp\/v2\/pages"}],"about":[{"href":"https:\/\/unionpourlavienne.fr\/Union_Vienne_2016\/wordpress\/wp-json\/wp\/v2\/types\/page"}],"author":[{"embeddable":true,"href":"https:\/\/unionpourlavienne.fr\/Union_Vienne_2016\/wordpress\/wp-json\/wp\/v2\/users\/1"}],"replies":[{"embeddable":true,"href":"https:\/\/unionpourlavienne.fr\/Union_Vienne_2016\/wordpress\/wp-json\/wp\/v2\/comments?post=3264"}],"version-history":[{"count":1,"href":"https:\/\/unionpourlavienne.fr\/Union_Vienne_2016\/wordpress\/wp-json\/wp\/v2\/pages\/3264\/revisions"}],"predecessor-version":[{"id":3266,"href":"https:\/\/unionpourlavienne.fr\/Union_Vienne_2016\/wordpress\/wp-json\/wp\/v2\/pages\/3264\/revisions\/3266"}],"up":[{"embeddable":true,"href":"https:\/\/unionpourlavienne.fr\/Union_Vienne_2016\/wordpress\/wp-json\/wp\/v2\/pages\/22"}],"wp:attachment":[{"href":"https:\/\/unionpourlavienne.fr\/Union_Vienne_2016\/wordpress\/wp-json\/wp\/v2\/media?parent=3264"}],"curies":[{"name":"wp","href":"https:\/\/api.w.org\/{rel}","templated":true}]}}