{"id":3267,"date":"2019-02-21T09:28:40","date_gmt":"2019-02-21T08:28:40","guid":{"rendered":"http:\/\/unionpourlavienne.fr\/Union_Vienne_2016\/wordpress\/?page_id=3267"},"modified":"2019-02-21T09:28:40","modified_gmt":"2019-02-21T08:28:40","slug":"fevrier-2019","status":"publish","type":"page","link":"https:\/\/unionpourlavienne.fr\/Union_Vienne_2016\/wordpress\/les-elus\/la-tribune\/fevrier-2019\/","title":{"rendered":"F\u00e9vrier 2019"},"content":{"rendered":"<h1><a href=\"http:\/\/www.lavienne86.fr\/publication\/104\/26-la-vienne-le-magazine.htm?TELECHARGER=1\" target=\"_blank\" rel=\"noopener noreferrer\"><img loading=\"lazy\" class=\"alignright size-full wp-image-3268\" src=\"https:\/\/unionpourlavienne.fr\/Union_Vienne_2016\/wordpress\/wp-content\/uploads\/2019\/02\/fev2019.jpg\" alt=\"\" width=\"250\" height=\"350\" srcset=\"https:\/\/unionpourlavienne.fr\/Union_Vienne_2016\/wordpress\/wp-content\/uploads\/2019\/02\/fev2019.jpg 250w, https:\/\/unionpourlavienne.fr\/Union_Vienne_2016\/wordpress\/wp-content\/uploads\/2019\/02\/fev2019-214x300.jpg 214w\" sizes=\"(max-width: 250px) 100vw, 250px\" \/><\/a>La Vienne sous le signe de la solidarit\u00e9, de l\u2019attractivit\u00e9 et de la proximit\u00e9<\/h1>\n<p>La Solidarit\u00e9 constitue le socle de l\u2019action du D\u00e9partement aussi bien avec l\u2019ensemble des populations les plus fragiles, qu\u2019avec les agriculteurs et les sapeurs-pompiers. La coh\u00e9sion sociale doit \u00eatre prioritaire et men\u00e9e \u00e0 des actions envers la petite enfance, les personnes \u00e2g\u00e9es, les personnes handicap\u00e9es et celles en insertion.<\/p>\n<p>La Vienne est historiquement un des D\u00e9partements les plus engag\u00e9s et continuera de l\u2019\u00eatre avec fin 2019 un sch\u00e9ma unique des politiques sociales et un volet appuy\u00e9 sur l\u2019autonomie face au d\u00e9fi du vieillissement de notre population.<\/p>\n<p>Ainsi, la Vienne sera toujours un phare dans la nuit pour ceux qui auront besoin d\u2019\u00eatre accompagn\u00e9s. C\u2019est notre mission de solidarit\u00e9. Pour faciliter le retour \u00e0 l\u2019emploi, nous continuerons d&rsquo;\u00eatre innovants en cr\u00e9ant de nouvelles mesures incitatives.<\/p>\n<p>Le second d\u00e9fi de la Majorit\u00e9 D\u00e9partementale est celui de l\u2019Attractivit\u00e9, avec la mobilisation pour l\u2019a\u00e9roport de Poitiers-Biard, structure indispensable \u00e0 notre \u00e9conomie, la cr\u00e9ation de l\u2019Arena, lieu f\u00e9d\u00e9rateur de culture et de sport et bien s\u00fbr notre engagement pour le sch\u00e9ma routier avec l\u2019am\u00e9nagement \u00e0 deux fois deux voies de la RN 147 pour relier Limoges \u00e0 Poitiers dans les meilleures conditions de s\u00e9curit\u00e9.<\/p>\n<p>L\u2019attractivit\u00e9 passe \u00e9galement par nos coll\u00e8ges, avec la r\u00e9fection d\u2019Henri-IV, la construction du coll\u00e8ge Ren\u00e9-Monory \u00e0 Vouneuil-sous-Biard et le maintien de tous nos coll\u00e8ges en milieu rural. Elle passe bien \u00e9videmment aussi par notre mobilisation pour le num\u00e9rique : la t\u00e9l\u00e9phonie mobile, avec notre d\u00e9termination \u00e0 la d\u00e9velopper partout, l\u2019acc\u00e8s internet avec les op\u00e9rations de mont\u00e9es en d\u00e9bit programm\u00e9es jusqu\u2019\u00e0 la fin de cette ann\u00e9e et le \u00ab\u00a0tout fibre\u00a0\u00bb pour 2025.<\/p>\n<p>Enfin, la Proximit\u00e9, car elle favorise la capacit\u00e9 d\u2019\u00e9changer et de travailler ensemble. Tous les territoires, ruraux ou urbains sont importants \u00e0 nos yeux. Nous poursuivrons le dispositif ACTIV\u2019 avec d\u2019ores et d\u00e9j\u00e0 1 000 projets soutenus dans les communes et plus de 110 millions d\u2019euros de subventions du D\u00e9partement. Un demi-milliard d\u2019euros d\u2019investissements, c\u2019est l\u2019objectif de cette mandature.<\/p>\n<p>La Vienne accompagne, innove et modernise.<\/p>\n","protected":false},"excerpt":{"rendered":"<p>La Vienne sous le signe de la solidarit\u00e9, de l\u2019attractivit\u00e9 et de la proximit\u00e9 La Solidarit\u00e9 constitue le socle de<\/p>\n","protected":false},"author":1,"featured_media":0,"parent":22,"menu_order":0,"comment_status":"closed","ping_status":"closed","template":"","meta":[],"_links":{"self":[{"href":"https:\/\/unionpourlavienne.fr\/Union_Vienne_2016\/wordpress\/wp-json\/wp\/v2\/pages\/3267"}],"collection":[{"href":"https:\/\/unionpourlavienne.fr\/Union_Vienne_2016\/wordpress\/wp-json\/wp\/v2\/pages"}],"about":[{"href":"https:\/\/unionpourlavienne.fr\/Union_Vienne_2016\/wordpress\/wp-json\/wp\/v2\/types\/page"}],"author":[{"embeddable":true,"href":"https:\/\/unionpourlavienne.fr\/Union_Vienne_2016\/wordpress\/wp-json\/wp\/v2\/users\/1"}],"replies":[{"embeddable":true,"href":"https:\/\/unionpourlavienne.fr\/Union_Vienne_2016\/wordpress\/wp-json\/wp\/v2\/comments?post=3267"}],"version-history":[{"count":1,"href":"https:\/\/unionpourlavienne.fr\/Union_Vienne_2016\/wordpress\/wp-json\/wp\/v2\/pages\/3267\/revisions"}],"predecessor-version":[{"id":3269,"href":"https:\/\/unionpourlavienne.fr\/Union_Vienne_2016\/wordpress\/wp-json\/wp\/v2\/pages\/3267\/revisions\/3269"}],"up":[{"embeddable":true,"href":"https:\/\/unionpourlavienne.fr\/Union_Vienne_2016\/wordpress\/wp-json\/wp\/v2\/pages\/22"}],"wp:attachment":[{"href":"https:\/\/unionpourlavienne.fr\/Union_Vienne_2016\/wordpress\/wp-json\/wp\/v2\/media?parent=3267"}],"curies":[{"name":"wp","href":"https:\/\/api.w.org\/{rel}","templated":true}]}}