{"id":3827,"date":"2021-07-07T11:20:17","date_gmt":"2021-07-07T10:20:17","guid":{"rendered":"http:\/\/unionpourlavienne.fr\/Union_Vienne_2016\/wordpress\/?page_id=3827"},"modified":"2021-07-07T11:20:17","modified_gmt":"2021-07-07T10:20:17","slug":"fevrier-2021","status":"publish","type":"page","link":"https:\/\/unionpourlavienne.fr\/Union_Vienne_2016\/wordpress\/les-elus\/la-tribune\/fevrier-2021\/","title":{"rendered":"F\u00e9vrier 2021"},"content":{"rendered":"<h1><img loading=\"lazy\" class=\"alignright size-full wp-image-3828\" src=\"https:\/\/unionpourlavienne.fr\/Union_Vienne_2016\/wordpress\/wp-content\/uploads\/2021\/07\/csm_COUV-Mag-Fe__vrier-2021_906d76d4b8.jpg\" alt=\"\" width=\"235\" height=\"350\" srcset=\"https:\/\/unionpourlavienne.fr\/Union_Vienne_2016\/wordpress\/wp-content\/uploads\/2021\/07\/csm_COUV-Mag-Fe__vrier-2021_906d76d4b8.jpg 235w, https:\/\/unionpourlavienne.fr\/Union_Vienne_2016\/wordpress\/wp-content\/uploads\/2021\/07\/csm_COUV-Mag-Fe__vrier-2021_906d76d4b8-201x300.jpg 201w\" sizes=\"(max-width: 235px) 100vw, 235px\" \/>La Vienne 100% num\u00e9rique<\/h1>\n<p>Parmi les enseignements que nous devons tirer de la p\u00e9riode que nous traversons, c\u2019est bien l\u2019imp\u00e9rieuse n\u00e9cessit\u00e9 du num\u00e9rique. Dans la vie de chacun, l\u2019acc\u00e8s \u00e0 internet \u00e0 tr\u00e8s haut d\u00e9bit est devenu indispensable. Que ce soit pour les services publics, les apprentissages \u00e0 tous les niveaux, des primaires aux universitaires, les consultations m\u00e9dicales, le t\u00e9l\u00e9travail, les achats \u00e0 distance en privil\u00e9giant nos commer\u00e7ants de proximit\u00e9, ou tout simplement la possibilit\u00e9 de maintenir le lien avec nos proches&#8230; Internet fait partie int\u00e9grante de notre vie de tous les jours. Il est aujourd\u2019hui l\u2019\u00e9l\u00e9ment majeur du choix d\u2019installation dans nos territoires ruraux, comme l\u2019eau, l\u2019\u00e9lectricit\u00e9 ou le t\u00e9l\u00e9phone le furent au cours du si\u00e8cle dernier.<\/p>\n<p>Sans attendre la crise de la Covid-19, la Majorit\u00e9 D\u00e9partementale a fait du d\u00e9ploiement de la fibre partout dans la Vienne sa priorit\u00e9 des priorit\u00e9s. Nous sommes aujourd\u2019hui \u00e0 70% du territoire couvert. Nous serons \u00e0 100% d\u00e8s 2025. C\u2019est notre engagement. Pour vous. Pour tous.<\/p>\n<p>Bien s\u00fbr, si disposer de l\u2019acc\u00e8s \u00e0 internet est indispensable, il est encore plus important d\u2019en ma\u00eetriser l\u2019utilisation. Fort de notre vocation \u00e0 accompagner tous les publics, surtout les plus fragiles, nous mettons en place tous les moyens afi n d&rsquo;aider chacun \u00e0 en apprivoiser tous les outils. Pour ce faire, nous allons mettre \u00e0 votre disposition des \u00ab\u00a0conseillers num\u00e9riques\u00a0\u00bb dans nos Maisons D\u00e9partementales des Solidarit\u00e9s (MDS) et, avec l\u2019Etat, dans les Maisons France Services, qui vont ouvrir leurs portes un peu partout dans la Vienne, parfois m\u00eame dans nos MDS.<\/p>\n<p>Nous en sommes tous conscients depuis le d\u00e9but de la pand\u00e9mie : les jours d\u2019apr\u00e8s seront diff\u00e9rents. Une nouvelle vie. Vous pouvez \u00eatre certains que nous serons toujours \u00e0 vos c\u00f4t\u00e9s. 100% num\u00e9rique. Avec la Vienne \u00e0 c\u0153ur !<\/p>\n","protected":false},"excerpt":{"rendered":"<p>La Vienne 100% num\u00e9rique Parmi les enseignements que nous devons tirer de la p\u00e9riode que nous traversons, c\u2019est bien l\u2019imp\u00e9rieuse<\/p>\n","protected":false},"author":1,"featured_media":0,"parent":22,"menu_order":0,"comment_status":"closed","ping_status":"closed","template":"","meta":[],"_links":{"self":[{"href":"https:\/\/unionpourlavienne.fr\/Union_Vienne_2016\/wordpress\/wp-json\/wp\/v2\/pages\/3827"}],"collection":[{"href":"https:\/\/unionpourlavienne.fr\/Union_Vienne_2016\/wordpress\/wp-json\/wp\/v2\/pages"}],"about":[{"href":"https:\/\/unionpourlavienne.fr\/Union_Vienne_2016\/wordpress\/wp-json\/wp\/v2\/types\/page"}],"author":[{"embeddable":true,"href":"https:\/\/unionpourlavienne.fr\/Union_Vienne_2016\/wordpress\/wp-json\/wp\/v2\/users\/1"}],"replies":[{"embeddable":true,"href":"https:\/\/unionpourlavienne.fr\/Union_Vienne_2016\/wordpress\/wp-json\/wp\/v2\/comments?post=3827"}],"version-history":[{"count":1,"href":"https:\/\/unionpourlavienne.fr\/Union_Vienne_2016\/wordpress\/wp-json\/wp\/v2\/pages\/3827\/revisions"}],"predecessor-version":[{"id":3829,"href":"https:\/\/unionpourlavienne.fr\/Union_Vienne_2016\/wordpress\/wp-json\/wp\/v2\/pages\/3827\/revisions\/3829"}],"up":[{"embeddable":true,"href":"https:\/\/unionpourlavienne.fr\/Union_Vienne_2016\/wordpress\/wp-json\/wp\/v2\/pages\/22"}],"wp:attachment":[{"href":"https:\/\/unionpourlavienne.fr\/Union_Vienne_2016\/wordpress\/wp-json\/wp\/v2\/media?parent=3827"}],"curies":[{"name":"wp","href":"https:\/\/api.w.org\/{rel}","templated":true}]}}