{"id":3836,"date":"2021-07-07T11:26:46","date_gmt":"2021-07-07T10:26:46","guid":{"rendered":"http:\/\/unionpourlavienne.fr\/Union_Vienne_2016\/wordpress\/?page_id=3836"},"modified":"2021-07-07T11:26:46","modified_gmt":"2021-07-07T10:26:46","slug":"mai-2021","status":"publish","type":"page","link":"https:\/\/unionpourlavienne.fr\/Union_Vienne_2016\/wordpress\/les-elus\/la-tribune\/mai-2021\/","title":{"rendered":"Mai 2021"},"content":{"rendered":"<h1><img loading=\"lazy\" class=\"alignright size-full wp-image-3837\" src=\"https:\/\/unionpourlavienne.fr\/Union_Vienne_2016\/wordpress\/wp-content\/uploads\/2021\/07\/csm_Couv-Mag-Mai_3fa4a93c19.jpg\" alt=\"\" width=\"235\" height=\"350\" srcset=\"https:\/\/unionpourlavienne.fr\/Union_Vienne_2016\/wordpress\/wp-content\/uploads\/2021\/07\/csm_Couv-Mag-Mai_3fa4a93c19.jpg 235w, https:\/\/unionpourlavienne.fr\/Union_Vienne_2016\/wordpress\/wp-content\/uploads\/2021\/07\/csm_Couv-Mag-Mai_3fa4a93c19-201x300.jpg 201w\" sizes=\"(max-width: 235px) 100vw, 235px\" \/>Retour \u00e0 la vie !<\/h1>\n<p>Depuis le 19 mai, le printemps est r\u00e9ellement revenu. Un printemps synonyme de retour \u00e0 une vie (presque) normale avec les terrasses de caf\u00e9s et restaurants qui se remplissent, les mus\u00e9es, les cin\u00e9mas, th\u00e9\u00e2tres et salles de spectacles qui accueillent \u00e0 nouveau leur public frustr\u00e9 par de longs mois de disette culturelle. Les sites touristiques et de loisirs peuvent enfin proposer leurs activit\u00e9s aux visiteurs qui r\u00e9pondent pr\u00e9sent au-del\u00e0 de toute esp\u00e9rance. Oui, le printemps est de retour apr\u00e8s de si longs mois d\u2019abstinence.<\/p>\n<p>Les \u00e9lus de la Majorit\u00e9 D\u00e9partementale tiennent \u00e0 saluer la formidable r\u00e9silience et le rebond de tous les acteurs de ces secteurs totalement mobilis\u00e9s pour redonner \u00e0 chacun ce sourire disparu derri\u00e8re les masques depuis plus d\u2019un an.<\/p>\n<p>C\u2019est la raison pour laquelle nous nous sommes totalement engag\u00e9s pour accompagner cette reprise tant attendue. Comme pour l\u2019\u00e9t\u00e9 2020, le D\u00e9partement a mis sur pied un plan de relance tr\u00e8s ambitieux pour faire revenir les visiteurs \u00e0 l\u2019appui d\u2019un grand plan de communication national. \u00ab\u00a0La Vienne vous invite\u00a0\u00bb\u2026 c\u2019est le message envoy\u00e9 aux familles pour les encourager \u00e0 venir d\u00e9couvrir (ou red\u00e9couvrir) les p\u00e9pites que leur r\u00e9serve notre d\u00e9partement.<\/p>\n<p>Sans oublier bien s\u00fbr le secteur de la culture pour lequel la Majorit\u00e9 D\u00e9partementale a tenu \u00e0 adapter le festival des Heures Vagabondes afin de permettre aux compagnies professionnelles de la Vienne de produire leurs spectacles dans de nombreuses communes du d\u00e9partement.<\/p>\n<p>Nous redonner le go\u00fbt de nous retrouver autour d\u2019animations festives et de faire vivre la culture dans tous nos territoires, tout en valorisant notre patrimoine.<\/p>\n<p>Le printemps est de retour\u2026 la vie aussi !<\/p>\n","protected":false},"excerpt":{"rendered":"<p>Retour \u00e0 la vie ! Depuis le 19 mai, le printemps est r\u00e9ellement revenu. Un printemps synonyme de retour \u00e0<\/p>\n","protected":false},"author":1,"featured_media":0,"parent":22,"menu_order":0,"comment_status":"closed","ping_status":"closed","template":"","meta":[],"_links":{"self":[{"href":"https:\/\/unionpourlavienne.fr\/Union_Vienne_2016\/wordpress\/wp-json\/wp\/v2\/pages\/3836"}],"collection":[{"href":"https:\/\/unionpourlavienne.fr\/Union_Vienne_2016\/wordpress\/wp-json\/wp\/v2\/pages"}],"about":[{"href":"https:\/\/unionpourlavienne.fr\/Union_Vienne_2016\/wordpress\/wp-json\/wp\/v2\/types\/page"}],"author":[{"embeddable":true,"href":"https:\/\/unionpourlavienne.fr\/Union_Vienne_2016\/wordpress\/wp-json\/wp\/v2\/users\/1"}],"replies":[{"embeddable":true,"href":"https:\/\/unionpourlavienne.fr\/Union_Vienne_2016\/wordpress\/wp-json\/wp\/v2\/comments?post=3836"}],"version-history":[{"count":1,"href":"https:\/\/unionpourlavienne.fr\/Union_Vienne_2016\/wordpress\/wp-json\/wp\/v2\/pages\/3836\/revisions"}],"predecessor-version":[{"id":3838,"href":"https:\/\/unionpourlavienne.fr\/Union_Vienne_2016\/wordpress\/wp-json\/wp\/v2\/pages\/3836\/revisions\/3838"}],"up":[{"embeddable":true,"href":"https:\/\/unionpourlavienne.fr\/Union_Vienne_2016\/wordpress\/wp-json\/wp\/v2\/pages\/22"}],"wp:attachment":[{"href":"https:\/\/unionpourlavienne.fr\/Union_Vienne_2016\/wordpress\/wp-json\/wp\/v2\/media?parent=3836"}],"curies":[{"name":"wp","href":"https:\/\/api.w.org\/{rel}","templated":true}]}}