{"id":4140,"date":"2022-06-02T13:38:57","date_gmt":"2022-06-02T12:38:57","guid":{"rendered":"http:\/\/unionpourlavienne.fr\/Union_Vienne_2016\/wordpress\/?page_id=4140"},"modified":"2022-06-02T13:38:57","modified_gmt":"2022-06-02T12:38:57","slug":"mai-2022","status":"publish","type":"page","link":"https:\/\/unionpourlavienne.fr\/Union_Vienne_2016\/wordpress\/les-elus\/la-tribune\/mai-2022\/","title":{"rendered":"Mai 2022"},"content":{"rendered":"<h1><a href=\"https:\/\/www.lavienne86.fr\/fileadmin\/medias\/Publications\/La_Vienne__le_Magazine\/2022\/mai\/WEB-Mag_mai_2022.pdf\" target=\"_blank\" rel=\"noopener noreferrer\"><img loading=\"lazy\" class=\"alignright size-full wp-image-4141\" src=\"https:\/\/unionpourlavienne.fr\/Union_Vienne_2016\/wordpress\/wp-content\/uploads\/2022\/06\/mai2022.jpg\" alt=\"\" width=\"298\" height=\"417\" srcset=\"https:\/\/unionpourlavienne.fr\/Union_Vienne_2016\/wordpress\/wp-content\/uploads\/2022\/06\/mai2022.jpg 298w, https:\/\/unionpourlavienne.fr\/Union_Vienne_2016\/wordpress\/wp-content\/uploads\/2022\/06\/mai2022-214x300.jpg 214w\" sizes=\"(max-width: 298px) 100vw, 298px\" \/><\/a>Priorit\u00e9 \u00e0 l\u2019\u00e9ducation et \u00e0 la jeunesse\u00a0!<\/h1>\n<p>Il y a quelques semaines, le coll\u00e8ge Jos\u00e9phine-Baker a ouvert ses portes aux futurs coll\u00e9giens du territoire et \u00e0 leurs familles ainsi qu\u2019\u00e0 toute la communaut\u00e9 \u00e9ducative et administrative. Cela faisait 50 ans que ce n\u2019\u00e9tait pas arriv\u00e9\u00a0! C\u2019est la concr\u00e9tisation d\u2019une tr\u00e8s belle ambition collective au service de l\u2019\u00e9ducation et de la jeunesse. Avec l\u2019ouverture du 35<sup>e<\/sup> coll\u00e8ge de la Vienne, notre majorit\u00e9 d\u00e9partementale d\u00e9montre une nouvelle fois sa volont\u00e9 d\u2019agir concr\u00e8tement pour l\u2019avenir de nos enfants et de donner \u00e0 chacun les m\u00eames chances d\u2019apprendre, de s\u2019\u00e9panouir et de concr\u00e9tiser leurs projets.<\/p>\n<p>D\u00e8s le d\u00e9but du mandat, nous avons r\u00e9affirm\u00e9 notre ambition de placer les jeunes au c\u0153ur de notre action. Gr\u00e2ce \u00e0 nos investissements structurants dans tous les coll\u00e8ges, en particulier en milieu rural, nous permettons \u00e0 nos coll\u00e9giens d\u2019\u00e9voluer dans un cadre id\u00e9al et propice \u00e0 l\u2019apprentissage, \u00e0 l\u2019innovation p\u00e9dagogique, et dans des \u00e9tablissements plus durables et plus respectueux de notre environnement.<\/p>\n<p>R\u00e9affirmer notre priorit\u00e9 pour l\u2019\u00e9ducation de nos enfants, c\u2019est aussi redonner \u00e0 la jeunesse toute sa place dans notre soci\u00e9t\u00e9, dans nos territoires. Parce que les coll\u00e9giens d\u2019aujourd\u2019hui sont les citoyens de demain, nous devons trouver ensemble de nouvelles approches pour valoriser l\u2019engagement des plus jeunes, les rendre acteurs, les rendre visibles.<\/p>\n<p>Nous voulons faire de la Vienne un territoire de r\u00e9ussite, de progr\u00e8s et d\u2019innovation dans lequel chacun pourra se projeter avec confiance dans l\u2019avenir\u00a0!<\/p>\n","protected":false},"excerpt":{"rendered":"<p>Priorit\u00e9 \u00e0 l\u2019\u00e9ducation et \u00e0 la jeunesse\u00a0! Il y a quelques semaines, le coll\u00e8ge Jos\u00e9phine-Baker a ouvert ses portes aux<\/p>\n","protected":false},"author":1,"featured_media":0,"parent":22,"menu_order":0,"comment_status":"closed","ping_status":"closed","template":"","meta":[],"_links":{"self":[{"href":"https:\/\/unionpourlavienne.fr\/Union_Vienne_2016\/wordpress\/wp-json\/wp\/v2\/pages\/4140"}],"collection":[{"href":"https:\/\/unionpourlavienne.fr\/Union_Vienne_2016\/wordpress\/wp-json\/wp\/v2\/pages"}],"about":[{"href":"https:\/\/unionpourlavienne.fr\/Union_Vienne_2016\/wordpress\/wp-json\/wp\/v2\/types\/page"}],"author":[{"embeddable":true,"href":"https:\/\/unionpourlavienne.fr\/Union_Vienne_2016\/wordpress\/wp-json\/wp\/v2\/users\/1"}],"replies":[{"embeddable":true,"href":"https:\/\/unionpourlavienne.fr\/Union_Vienne_2016\/wordpress\/wp-json\/wp\/v2\/comments?post=4140"}],"version-history":[{"count":1,"href":"https:\/\/unionpourlavienne.fr\/Union_Vienne_2016\/wordpress\/wp-json\/wp\/v2\/pages\/4140\/revisions"}],"predecessor-version":[{"id":4142,"href":"https:\/\/unionpourlavienne.fr\/Union_Vienne_2016\/wordpress\/wp-json\/wp\/v2\/pages\/4140\/revisions\/4142"}],"up":[{"embeddable":true,"href":"https:\/\/unionpourlavienne.fr\/Union_Vienne_2016\/wordpress\/wp-json\/wp\/v2\/pages\/22"}],"wp:attachment":[{"href":"https:\/\/unionpourlavienne.fr\/Union_Vienne_2016\/wordpress\/wp-json\/wp\/v2\/media?parent=4140"}],"curies":[{"name":"wp","href":"https:\/\/api.w.org\/{rel}","templated":true}]}}