{"id":4308,"date":"2023-01-25T11:43:44","date_gmt":"2023-01-25T10:43:44","guid":{"rendered":"http:\/\/unionpourlavienne.fr\/Union_Vienne_2016\/wordpress\/?page_id=4308"},"modified":"2023-01-25T11:47:24","modified_gmt":"2023-01-25T10:47:24","slug":"octobre-2022","status":"publish","type":"page","link":"https:\/\/unionpourlavienne.fr\/Union_Vienne_2016\/wordpress\/les-elus\/la-tribune\/octobre-2022\/","title":{"rendered":"Octobre 2022"},"content":{"rendered":"\n<p><strong>Agir au plus pr\u00e8s des habitants<\/strong><\/p>\n\n\n\n<p><img loading=\"lazy\" width=\"235\" height=\"350\" class=\"wp-image-4309\" align=\"right\" src=\"https:\/\/unionpourlavienne.fr\/Union_Vienne_2016\/wordpress\/wp-content\/uploads\/2023\/01\/octobre2022.jpg\" alt=\"\" srcset=\"https:\/\/unionpourlavienne.fr\/Union_Vienne_2016\/wordpress\/wp-content\/uploads\/2023\/01\/octobre2022.jpg 235w, https:\/\/unionpourlavienne.fr\/Union_Vienne_2016\/wordpress\/wp-content\/uploads\/2023\/01\/octobre2022-201x300.jpg 201w\" sizes=\"(max-width: 235px) 100vw, 235px\" \/>Prot\u00e9ger le pouvoir d\u2019achat, r\u00e9pondre aux politiques de solidarit\u00e9 sociale et territoriale, et poursuivre les actions en assumant l\u2019inflation, c\u2019est l\u2019objectif de la Majorit\u00e9 D\u00e9partementale qui vient d\u2019augmenter son budget de pr\u00e8s de 9 millions d\u2019euros.<br>Par ce choix volontariste, il s\u2019agit de revaloriser le salaire des assistants familiaux qui assurent la protection des enfants en danger. C\u2019est \u00e9galement instaurer la prime S\u00e9gur aux agents du D\u00e9partement concern\u00e9s et accorder une aide exceptionnelle aux \u00e9tablissements et services sociaux et m\u00e9dicosociaux comme aux coll\u00e8ges pour faire face aux effets de l\u2019inflation. C\u2019est encore apporter une aide exceptionnelle aux agriculteurs touch\u00e9s par la gr\u00eale au printemps dernier dans le Chauvinois et le Loudunais.<br>Face \u00e0 l\u2019augmentation forte des denr\u00e9es alimentaires, le D\u00e9partement va proc\u00e9der en 2023 \u00e0 un ajustement des prix de 20 centimes d&rsquo;euros pour passer \u00e0 3,15 \u20ac le repas servi dans les coll\u00e8ges, prix toujours inf\u00e9rieur \u00e0 la moyenne nationale. Toujours en faveur des jeunes de la Vienne, le D\u00e9partement s\u2019engage en faveur de l\u2019enseignement sup\u00e9rieur par une nouvelle convention de partenariat avec l\u2019Universit\u00e9 de Poitiers et le soutien \u00e0 la cr\u00e9ation d\u2019une \u00e9cole d\u2019ing\u00e9nieurs dans le domaine du num\u00e9rique pour la rentr\u00e9e 2023 sur la Technopole du Futuroscope. Enfin, le D\u00e9partement a d\u00e9cid\u00e9 d\u2019apporter 1,16 million d\u2019euros pour am\u00e9liorer le quotidien des personnes handicap\u00e9es avec notamment le lancement le 29 septembre des Etats G\u00e9n\u00e9raux du Handicap. Agir au plus pr\u00e8s des habitants de la Vienne, c\u2019est la volont\u00e9 permanente des 30 Conseillers D\u00e9partementaux de la Majorit\u00e9 D\u00e9partementale. Permanente et reconnue !<\/p>\n","protected":false},"excerpt":{"rendered":"<p>Agir au plus pr\u00e8s des habitants Prot\u00e9ger le pouvoir d\u2019achat, r\u00e9pondre aux politiques de solidarit\u00e9 sociale et territoriale, et poursuivre<\/p>\n","protected":false},"author":1,"featured_media":0,"parent":22,"menu_order":0,"comment_status":"closed","ping_status":"closed","template":"","meta":[],"_links":{"self":[{"href":"https:\/\/unionpourlavienne.fr\/Union_Vienne_2016\/wordpress\/wp-json\/wp\/v2\/pages\/4308"}],"collection":[{"href":"https:\/\/unionpourlavienne.fr\/Union_Vienne_2016\/wordpress\/wp-json\/wp\/v2\/pages"}],"about":[{"href":"https:\/\/unionpourlavienne.fr\/Union_Vienne_2016\/wordpress\/wp-json\/wp\/v2\/types\/page"}],"author":[{"embeddable":true,"href":"https:\/\/unionpourlavienne.fr\/Union_Vienne_2016\/wordpress\/wp-json\/wp\/v2\/users\/1"}],"replies":[{"embeddable":true,"href":"https:\/\/unionpourlavienne.fr\/Union_Vienne_2016\/wordpress\/wp-json\/wp\/v2\/comments?post=4308"}],"version-history":[{"count":2,"href":"https:\/\/unionpourlavienne.fr\/Union_Vienne_2016\/wordpress\/wp-json\/wp\/v2\/pages\/4308\/revisions"}],"predecessor-version":[{"id":4312,"href":"https:\/\/unionpourlavienne.fr\/Union_Vienne_2016\/wordpress\/wp-json\/wp\/v2\/pages\/4308\/revisions\/4312"}],"up":[{"embeddable":true,"href":"https:\/\/unionpourlavienne.fr\/Union_Vienne_2016\/wordpress\/wp-json\/wp\/v2\/pages\/22"}],"wp:attachment":[{"href":"https:\/\/unionpourlavienne.fr\/Union_Vienne_2016\/wordpress\/wp-json\/wp\/v2\/media?parent=4308"}],"curies":[{"name":"wp","href":"https:\/\/api.w.org\/{rel}","templated":true}]}}