{"id":4699,"date":"2024-07-22T10:17:15","date_gmt":"2024-07-22T09:17:15","guid":{"rendered":"http:\/\/unionpourlavienne.fr\/Union_Vienne_2016\/wordpress\/?page_id=4699"},"modified":"2024-07-22T10:17:17","modified_gmt":"2024-07-22T09:17:17","slug":"juillet-aout-2024","status":"publish","type":"page","link":"https:\/\/unionpourlavienne.fr\/Union_Vienne_2016\/wordpress\/les-elus\/la-tribune\/juillet-aout-2024\/","title":{"rendered":"Juillet\/Ao\u00fbt 2024"},"content":{"rendered":"\n<p><strong>Les solidarit\u00e9s sont notre priorit\u00e9<\/strong><\/p>\n\n\n\n<figure class=\"wp-block-image alignright size-full\"><a href=\"https:\/\/www.lavienne86.fr\/fil-infos\/publications\/vienne-mag-juillet-aout-2024-29979\" target=\"_blank\" rel=\"noreferrer noopener\"><img loading=\"lazy\" width=\"235\" height=\"350\" src=\"https:\/\/unionpourlavienne.fr\/Union_Vienne_2016\/wordpress\/wp-content\/uploads\/2024\/07\/juillet24.jpg\" alt=\"\" class=\"wp-image-4697\" srcset=\"https:\/\/unionpourlavienne.fr\/Union_Vienne_2016\/wordpress\/wp-content\/uploads\/2024\/07\/juillet24.jpg 235w, https:\/\/unionpourlavienne.fr\/Union_Vienne_2016\/wordpress\/wp-content\/uploads\/2024\/07\/juillet24-201x300.jpg 201w\" sizes=\"(max-width: 235px) 100vw, 235px\" \/><\/a><\/figure>\n\n\n\n<p>Malgr\u00e9 un contexte financier tr\u00e8s contraint pour l\u2019ann\u00e9e 2024, nous avons d\u00e9cid\u00e9 de faire des solidarit\u00e9s notre priorit\u00e9, en y consacrant plus de 300 millions d\u2019euros, dont 67 millions \u00e0 la protection de l\u2019enfance, un budget qui n\u2019a jamais \u00e9t\u00e9 aussi important, en augmentation de 5,5 millions.<\/p>\n\n\n\n<p>Nous devons n\u00e9anmoins faire face \u00e0 un principe de r\u00e9alit\u00e9 et faire des choix diffi ciles pour assumer toutes nos comp\u00e9tences.<\/p>\n\n\n\n<p>En mati\u00e8re de pr\u00e9vention sp\u00e9cialis\u00e9e, comp\u00e9tence obligatoire mais sans exigence de moyens fi nanciers, nous avons trouv\u00e9 un accord avec l\u2019ADSEA 86 en r\u00e9duisant la baisse de subvention afin de pouvoir travailler en partenariat sur 2024 et pr\u00e9parer 2025. Nous apportons plus d\u20191 million d\u2019euros pour la pr\u00e9vention sp\u00e9cialis\u00e9e et plus de 10 millions d\u2019euros \u00e0 la structure qui intervient dans divers domaines. Nous poursuivons le travail de proximit\u00e9 engag\u00e9 ensemble pour r\u00e9pondre \u00e0 notre objectif de cr\u00e9ation de 100 places en milieu ouvert.<\/p>\n\n\n\n<p>La solidarit\u00e9 et la protection des publics les plus fragiles sont au c\u0153ur de notre action. Que chacun prenne ses responsabilit\u00e9s !<\/p>\n","protected":false},"excerpt":{"rendered":"<p>Les solidarit\u00e9s sont notre priorit\u00e9 Malgr\u00e9 un contexte financier tr\u00e8s contraint pour l\u2019ann\u00e9e 2024, nous avons d\u00e9cid\u00e9 de faire des<\/p>\n","protected":false},"author":1,"featured_media":0,"parent":22,"menu_order":0,"comment_status":"closed","ping_status":"closed","template":"","meta":[],"_links":{"self":[{"href":"https:\/\/unionpourlavienne.fr\/Union_Vienne_2016\/wordpress\/wp-json\/wp\/v2\/pages\/4699"}],"collection":[{"href":"https:\/\/unionpourlavienne.fr\/Union_Vienne_2016\/wordpress\/wp-json\/wp\/v2\/pages"}],"about":[{"href":"https:\/\/unionpourlavienne.fr\/Union_Vienne_2016\/wordpress\/wp-json\/wp\/v2\/types\/page"}],"author":[{"embeddable":true,"href":"https:\/\/unionpourlavienne.fr\/Union_Vienne_2016\/wordpress\/wp-json\/wp\/v2\/users\/1"}],"replies":[{"embeddable":true,"href":"https:\/\/unionpourlavienne.fr\/Union_Vienne_2016\/wordpress\/wp-json\/wp\/v2\/comments?post=4699"}],"version-history":[{"count":1,"href":"https:\/\/unionpourlavienne.fr\/Union_Vienne_2016\/wordpress\/wp-json\/wp\/v2\/pages\/4699\/revisions"}],"predecessor-version":[{"id":4700,"href":"https:\/\/unionpourlavienne.fr\/Union_Vienne_2016\/wordpress\/wp-json\/wp\/v2\/pages\/4699\/revisions\/4700"}],"up":[{"embeddable":true,"href":"https:\/\/unionpourlavienne.fr\/Union_Vienne_2016\/wordpress\/wp-json\/wp\/v2\/pages\/22"}],"wp:attachment":[{"href":"https:\/\/unionpourlavienne.fr\/Union_Vienne_2016\/wordpress\/wp-json\/wp\/v2\/media?parent=4699"}],"curies":[{"name":"wp","href":"https:\/\/api.w.org\/{rel}","templated":true}]}}