{"id":4803,"date":"2025-05-07T08:39:29","date_gmt":"2025-05-07T07:39:29","guid":{"rendered":"https:\/\/unionpourlavienne.fr\/Union_Vienne_2016\/wordpress\/?page_id=4803"},"modified":"2025-05-07T08:39:32","modified_gmt":"2025-05-07T07:39:32","slug":"avril-mai-2025","status":"publish","type":"page","link":"https:\/\/unionpourlavienne.fr\/Union_Vienne_2016\/wordpress\/les-elus\/la-tribune\/avril-mai-2025\/","title":{"rendered":"Avril &#8211; Mai 2025"},"content":{"rendered":"\n<blockquote class=\"wp-block-quote\"><p>Budget 2025 : des choix courageux et responsables pour la Vienne !<\/p><\/blockquote>\n\n\n\n<figure class=\"wp-block-image alignright size-full\"><a href=\"https:\/\/www.lavienne86.fr\/fileadmin\/medias\/Publications\/2025\/EXE-180_-_mag_avril_mai-web.pdf\" target=\"_blank\" rel=\"noreferrer noopener\"><img loading=\"lazy\" width=\"235\" height=\"350\" src=\"https:\/\/unionpourlavienne.fr\/Union_Vienne_2016\/wordpress\/wp-content\/uploads\/2025\/05\/avrilmai25.jpg\" alt=\"\" class=\"wp-image-4804\" srcset=\"https:\/\/unionpourlavienne.fr\/Union_Vienne_2016\/wordpress\/wp-content\/uploads\/2025\/05\/avrilmai25.jpg 235w, https:\/\/unionpourlavienne.fr\/Union_Vienne_2016\/wordpress\/wp-content\/uploads\/2025\/05\/avrilmai25-201x300.jpg 201w\" sizes=\"(max-width: 235px) 100vw, 235px\" \/><\/a><\/figure>\n\n\n\n<p>En 2025, notre collectivit\u00e9 fait face \u00e0 une situation budg\u00e9taire particuli\u00e8rement tendue, marqu\u00e9e \u00e0 la fois par une baisse des recettes et une hausse constante des d\u00e9penses impos\u00e9es par l\u2019Etat sans concertation. Depuis 2022, ces d\u00e9penses, financ\u00e9es par le D\u00e9partement, se chiffrent \u00e0 plus de 23 millions d\u2019euros. Dans ce contexte, la majorit\u00e9 d\u00e9partementale a pris ses responsabilit\u00e9s en scrutant chacune des d\u00e9penses \u00e0 l\u2019euro pr\u00e8s. Cette gestion rigoureuse nous permet de r\u00e9pondre aux besoins de tous les habitants de la Vienne. Nous avons su pr\u00e9server les priorit\u00e9s sur lesquelles nous nous \u00e9tions engag\u00e9s au d\u00e9but du mandat. La solidarit\u00e9 reste au c\u0153ur de l\u2019action d\u00e9partementale, avec un engagement renforc\u00e9 pour soutenir et prot\u00e9ger les publics les plus vuln\u00e9rables. 70% du budget est allou\u00e9 aux solidarit\u00e9s, qui augmente encore cette ann\u00e9e de 3 millions d\u2019euros ! L\u2019\u00e9ducation demeure, elle aussi, une priorit\u00e9 strat\u00e9gique, avec la r\u00e9ouverture du coll\u00e8ge Henri-IV de Poitiers, le d\u00e9but du chantier du nouveau coll\u00e8ge de Mirebeau, ainsi que des travaux de r\u00e9habilitation \u00e9nerg\u00e9tique et d\u2019accessibilit\u00e9 dans de nombreux \u00e9tablissements. En maintenant son budget d\u2019investissement de 106 millions d\u2019euros, en particulier aupr\u00e8s des communes, notre collectivit\u00e9 continue d\u2019am\u00e9liorer l\u2019attractivit\u00e9 de la Vienne et de soutenir l\u2019activit\u00e9 \u00e9conomique et l\u2019emploi de tout le territoire. Vous pouvez compter sur la mobilisation de notre majorit\u00e9 d\u00e9partementale pour prot\u00e9ger les plus fragiles et continuer d&rsquo;investir dans l\u2019avenir de nos territoires. Nous sommes au rendez-vous !<\/p>\n","protected":false},"excerpt":{"rendered":"<p>Budget 2025 : des choix courageux et responsables pour la Vienne ! En 2025, notre collectivit\u00e9 fait face \u00e0 une<\/p>\n","protected":false},"author":1,"featured_media":0,"parent":22,"menu_order":0,"comment_status":"closed","ping_status":"closed","template":"","meta":[],"_links":{"self":[{"href":"https:\/\/unionpourlavienne.fr\/Union_Vienne_2016\/wordpress\/wp-json\/wp\/v2\/pages\/4803"}],"collection":[{"href":"https:\/\/unionpourlavienne.fr\/Union_Vienne_2016\/wordpress\/wp-json\/wp\/v2\/pages"}],"about":[{"href":"https:\/\/unionpourlavienne.fr\/Union_Vienne_2016\/wordpress\/wp-json\/wp\/v2\/types\/page"}],"author":[{"embeddable":true,"href":"https:\/\/unionpourlavienne.fr\/Union_Vienne_2016\/wordpress\/wp-json\/wp\/v2\/users\/1"}],"replies":[{"embeddable":true,"href":"https:\/\/unionpourlavienne.fr\/Union_Vienne_2016\/wordpress\/wp-json\/wp\/v2\/comments?post=4803"}],"version-history":[{"count":1,"href":"https:\/\/unionpourlavienne.fr\/Union_Vienne_2016\/wordpress\/wp-json\/wp\/v2\/pages\/4803\/revisions"}],"predecessor-version":[{"id":4805,"href":"https:\/\/unionpourlavienne.fr\/Union_Vienne_2016\/wordpress\/wp-json\/wp\/v2\/pages\/4803\/revisions\/4805"}],"up":[{"embeddable":true,"href":"https:\/\/unionpourlavienne.fr\/Union_Vienne_2016\/wordpress\/wp-json\/wp\/v2\/pages\/22"}],"wp:attachment":[{"href":"https:\/\/unionpourlavienne.fr\/Union_Vienne_2016\/wordpress\/wp-json\/wp\/v2\/media?parent=4803"}],"curies":[{"name":"wp","href":"https:\/\/api.w.org\/{rel}","templated":true}]}}