{"id":665,"date":"2016-02-24T14:42:11","date_gmt":"2016-02-24T13:42:11","guid":{"rendered":"http:\/\/unionpourlavienne.fr\/Union_Vienne_2016\/wordpress\/?page_id=665"},"modified":"2016-02-24T14:49:44","modified_gmt":"2016-02-24T13:49:44","slug":"decembre-2015","status":"publish","type":"page","link":"https:\/\/unionpourlavienne.fr\/Union_Vienne_2016\/wordpress\/les-elus\/la-tribune\/decembre-2015\/","title":{"rendered":"D\u00e9cembre 2015"},"content":{"rendered":"<h1>L\u2019accueil des Mineurs Etrangers Isol\u00e9s<\/h1>\n<p><a href=\"http:\/\/www.lavienne86.fr\/publication\/69\/26-la-vienne-le-magazine.htm?TELECHARGER=1\" target=\"_blank\"><img loading=\"lazy\" class=\"alignright size-full wp-image-645\" src=\"https:\/\/unionpourlavienne.fr\/Union_Vienne_2016\/wordpress\/wp-content\/uploads\/2016\/02\/2015-decembre.jpg\" alt=\"2015-decembre\" width=\"150\" height=\"210\" \/><\/a>S\u2019il est un sujet d\u00e9licat, celui de l\u2019accueil des Mineurs Etrangers Isol\u00e9s en est un. Depuis plus d\u2019un an, le nombre de jeunes \u00e9trangers arrivant \u00e0 la gare de Poitiers ou par des r\u00e9seaux suspects explose. Si la protection de l\u2019enfance est une responsabilit\u00e9 prioritaire du D\u00e9partement, il faut \u00eatre conscient que les places attribu\u00e9es \u00e0 ces mineurs \u00e9trangers sont autant de lieux d\u2019accueil en moins pour tous les enfants en risque majeur sur la Vienne.<\/p>\n<p>Mais nous ne faisons que suivre les recommandations de la Garde des Sceaux qui, par directive, indique \u00e0 chaque d\u00e9partement fran\u00e7ais le nombre de Mineurs Isol\u00e9s \u00e0 accueillir. Pour la Vienne, la directive impose 29 places\u2026 Aujourd\u2019hui, comptetenu de la proximit\u00e9 de Paris par le TGV ou au regard des r\u00e9seaux qui ont parfaitement identifi\u00e9 la Vienne qui exerce scrupuleusement sa mission de protection, ce sont 102 Mineurs Etrangers Isol\u00e9s que nous h\u00e9bergeons dans un de nos sites. Nous assumons parfaitement notre responsabilit\u00e9 dans le domaine, m\u00eame si certains \u00e9lus d\u2019opposition voudraient faire croire le contraire. Et si nous avons fait le choix d\u2019interrompre cet accueil, par arr\u00eat\u00e9 mensuel, renouvel\u00e9 tant que nous resterons dans cette situation, nous assurons encore et toujours l\u2019accueil d\u2019urgence des mineurs en grande fragilit\u00e9.<\/p>\n<p>Nous voulons alerter l\u2019Etat sur cette situation. Une fois encore, il s\u2019agit d\u2019un transfert de responsabilit\u00e9 sans les moyens financiers qui vont avec. C\u2019est insupportable ! L\u2019impact pour le D\u00e9partement est bien s\u00fbr financier (3,3 millions d\u2019euros en 2015) mais aussi humain. Il est de notre devoir d\u2019apporter notre soutien aux familles et aux enfants en danger.<\/p>\n<p>Dans ce contexte, le D\u00e9partement de la Vienne n\u2019en a pas compl\u00e8tement les moyens malgr\u00e9 tous les efforts des \u00e9quipes de l\u2019Aide Sociale \u00e0 l\u2019Enfance et de Rose-Marie Bertaud, Vice- Pr\u00e9sidente qui en a la charge. Elle a justement engag\u00e9 un appel \u00e0 projets pour \u00e9quiper le d\u00e9partement d\u2019un lieu d\u2019h\u00e9bergement sp\u00e9cifique.<\/p>\n<p>Nous ne pouvons conclure cette tribune de la Majorit\u00e9 D\u00e9partementale sans exprimer notre profonde tristesse, notre grande douleur et notre immense peine. Par ces mots, nous souhaitons faire part de tout notre soutien aux familles, amis des victimes des attentats du 13 novembre, aux personnels de s\u00e9curit\u00e9 et de sant\u00e9 qui ont oeuvr\u00e9 pendant cette nuit dramatique. Avec une pens\u00e9e particuli\u00e8re pour Chlo\u00e9 Boissinot et Matthieu Giroud.<\/p>\n","protected":false},"excerpt":{"rendered":"<p>L\u2019accueil des Mineurs Etrangers Isol\u00e9s S\u2019il est un sujet d\u00e9licat, celui de l\u2019accueil des Mineurs Etrangers Isol\u00e9s en est un.<\/p>\n","protected":false},"author":1,"featured_media":0,"parent":22,"menu_order":0,"comment_status":"closed","ping_status":"closed","template":"","meta":[],"_links":{"self":[{"href":"https:\/\/unionpourlavienne.fr\/Union_Vienne_2016\/wordpress\/wp-json\/wp\/v2\/pages\/665"}],"collection":[{"href":"https:\/\/unionpourlavienne.fr\/Union_Vienne_2016\/wordpress\/wp-json\/wp\/v2\/pages"}],"about":[{"href":"https:\/\/unionpourlavienne.fr\/Union_Vienne_2016\/wordpress\/wp-json\/wp\/v2\/types\/page"}],"author":[{"embeddable":true,"href":"https:\/\/unionpourlavienne.fr\/Union_Vienne_2016\/wordpress\/wp-json\/wp\/v2\/users\/1"}],"replies":[{"embeddable":true,"href":"https:\/\/unionpourlavienne.fr\/Union_Vienne_2016\/wordpress\/wp-json\/wp\/v2\/comments?post=665"}],"version-history":[{"count":1,"href":"https:\/\/unionpourlavienne.fr\/Union_Vienne_2016\/wordpress\/wp-json\/wp\/v2\/pages\/665\/revisions"}],"predecessor-version":[{"id":666,"href":"https:\/\/unionpourlavienne.fr\/Union_Vienne_2016\/wordpress\/wp-json\/wp\/v2\/pages\/665\/revisions\/666"}],"up":[{"embeddable":true,"href":"https:\/\/unionpourlavienne.fr\/Union_Vienne_2016\/wordpress\/wp-json\/wp\/v2\/pages\/22"}],"wp:attachment":[{"href":"https:\/\/unionpourlavienne.fr\/Union_Vienne_2016\/wordpress\/wp-json\/wp\/v2\/media?parent=665"}],"curies":[{"name":"wp","href":"https:\/\/api.w.org\/{rel}","templated":true}]}}