{"id":669,"date":"2016-02-24T14:44:30","date_gmt":"2016-02-24T13:44:30","guid":{"rendered":"http:\/\/unionpourlavienne.fr\/Union_Vienne_2016\/wordpress\/?page_id=669"},"modified":"2016-02-24T14:50:00","modified_gmt":"2016-02-24T13:50:00","slug":"septembre-2015","status":"publish","type":"page","link":"https:\/\/unionpourlavienne.fr\/Union_Vienne_2016\/wordpress\/les-elus\/la-tribune\/septembre-2015\/","title":{"rendered":"Septembre 2015"},"content":{"rendered":"<h1>Ensemble refusons l\u2019asphyxie financi\u00e8re<\/h1>\n<p><a href=\"http:\/\/www.lavienne86.fr\/publication\/66\/26-la-vienne-le-magazine.htm?TELECHARGER=1\" target=\"_blank\"><img loading=\"lazy\" class=\"alignright size-full wp-image-652\" src=\"https:\/\/unionpourlavienne.fr\/Union_Vienne_2016\/wordpress\/wp-content\/uploads\/2016\/02\/2015-septembre.jpg\" alt=\"2015-septembre\" width=\"150\" height=\"200\" \/><\/a>R\u00e9duire de 30 % les dotations aux collectivit\u00e9s locales d\u2019ici 2017.<\/p>\n<p>Imposer aux Communes des d\u00e9penses nouvelles, notamment la prise en charge des activit\u00e9s des enfants dans le cadre de l\u2019am\u00e9nagement des rythmes scolaires. Faire supporter aux D\u00e9partements la d\u00e9rive fi nanci\u00e8re des Allocations Individuelles de Solidarit\u00e9 (AIS) dont le RSA, soit plus 7 millions d\u2019euros pour le seul D\u00e9partement de la Vienne en 2015&#8230; L\u2019asphyxie programm\u00e9e des collectivit\u00e9s locales par le Gouvernement est en marche.<\/p>\n<p>Moins de moyens c\u2019est inexorablement moins de services pour les habitants, une capacit\u00e9 \u00e0 investir amput\u00e9e, donc une activit\u00e9 \u00e9conomique locale enray\u00e9e, et des emplois en moins. Sachant que l\u2019investissement des collectivit\u00e9s locales repr\u00e9sente 70 % de l\u2019investissement public, ce sont les entreprises du b\u00e2timent et des travaux publics et l&rsquo;ensemble des artisans qui vont en subir les cons\u00e9quences. Entreprises qui ont d\u00e9j\u00e0 subi de plein fouet les effets de la crise de 2008 et qui ne pourront r\u00e9sister \u00e0 cette nouvelle attaque. Nous ne pouvons r\u00e9signer \u00e0 accepter une telle mise en danger, des services publics, du tissu \u00e9conomique local et de la vitalit\u00e9 de nos territoires !<\/p>\n<p>En pleine p\u00e9riode de pr\u00e9paration des budgets 2016, il est urgent pour l&rsquo;ensemble des \u00e9lus de proximit\u00e9 de s\u2019opposer \u00e0 cette tentative d\u2019\u00e9tranglement qui m\u00e9prise les territoires et leurs habitants.<\/p>\n<p>Il est aussi essentiel qu&rsquo;au-del\u00e0 des \u00e9lus, les professionnels du b\u00e2timent et des travaux publics, les responsables associatifs, les forces vives et tous les citoyens se mobilisent, dans la Vienne comme partout en France, pour convaincre le Gouvernement que la voie de l\u2019asphyxie fi nanci\u00e8re impos\u00e9e aux territoires est une logique perdante.<\/p>\n<p>Il est essentiel de faire des efforts en termes de d\u00e9penses publiques, c\u2019est une \u00e9vidence. Les collectivit\u00e9s locales y sont pr\u00eates et ces efforts ont commenc\u00e9 il y a d\u00e9j\u00e0 plusieurs ann\u00e9es mais elles ne pourront pas tout supporter seules. L&rsquo;\u00e9tat doit aussi s&rsquo;engager et pas seulement faire semblant. Face \u00e0 nos territoires en danger, rendez-vous le 19 septembre 2015, de 10h \u00e0 12h dans votre Commune, pour rencontrer vos \u00e9lus et signer \u00ab\u00a0L\u2019appel du 19 septembre pour les Communes de France\u00a0\u00bb.<\/p>\n<p>Ou sur internet <a href=\"https:\/\/www.change.org\/\" target=\"_blank\">change.org<\/a><\/p>\n","protected":false},"excerpt":{"rendered":"<p>Ensemble refusons l\u2019asphyxie financi\u00e8re R\u00e9duire de 30 % les dotations aux collectivit\u00e9s locales d\u2019ici 2017. Imposer aux Communes des d\u00e9penses<\/p>\n","protected":false},"author":1,"featured_media":0,"parent":22,"menu_order":0,"comment_status":"closed","ping_status":"closed","template":"","meta":[],"_links":{"self":[{"href":"https:\/\/unionpourlavienne.fr\/Union_Vienne_2016\/wordpress\/wp-json\/wp\/v2\/pages\/669"}],"collection":[{"href":"https:\/\/unionpourlavienne.fr\/Union_Vienne_2016\/wordpress\/wp-json\/wp\/v2\/pages"}],"about":[{"href":"https:\/\/unionpourlavienne.fr\/Union_Vienne_2016\/wordpress\/wp-json\/wp\/v2\/types\/page"}],"author":[{"embeddable":true,"href":"https:\/\/unionpourlavienne.fr\/Union_Vienne_2016\/wordpress\/wp-json\/wp\/v2\/users\/1"}],"replies":[{"embeddable":true,"href":"https:\/\/unionpourlavienne.fr\/Union_Vienne_2016\/wordpress\/wp-json\/wp\/v2\/comments?post=669"}],"version-history":[{"count":1,"href":"https:\/\/unionpourlavienne.fr\/Union_Vienne_2016\/wordpress\/wp-json\/wp\/v2\/pages\/669\/revisions"}],"predecessor-version":[{"id":670,"href":"https:\/\/unionpourlavienne.fr\/Union_Vienne_2016\/wordpress\/wp-json\/wp\/v2\/pages\/669\/revisions\/670"}],"up":[{"embeddable":true,"href":"https:\/\/unionpourlavienne.fr\/Union_Vienne_2016\/wordpress\/wp-json\/wp\/v2\/pages\/22"}],"wp:attachment":[{"href":"https:\/\/unionpourlavienne.fr\/Union_Vienne_2016\/wordpress\/wp-json\/wp\/v2\/media?parent=669"}],"curies":[{"name":"wp","href":"https:\/\/api.w.org\/{rel}","templated":true}]}}