{"id":671,"date":"2016-02-24T14:45:15","date_gmt":"2016-02-24T13:45:15","guid":{"rendered":"http:\/\/unionpourlavienne.fr\/Union_Vienne_2016\/wordpress\/?page_id=671"},"modified":"2016-02-24T14:49:49","modified_gmt":"2016-02-24T13:49:49","slug":"juin-2015","status":"publish","type":"page","link":"https:\/\/unionpourlavienne.fr\/Union_Vienne_2016\/wordpress\/les-elus\/la-tribune\/juin-2015\/","title":{"rendered":"Juin 2015"},"content":{"rendered":"<h1>Pour une Vienne qui gagne !<\/h1>\n<p><a href=\"http:\/\/www.lavienne86.fr\/publication\/64\/26-vivre-en-vienne.htm?TELECHARGER=1\" target=\"_blank\"><img loading=\"lazy\" class=\"alignright size-full wp-image-649\" src=\"https:\/\/unionpourlavienne.fr\/Union_Vienne_2016\/wordpress\/wp-content\/uploads\/2016\/02\/2015-juin.jpg\" alt=\"2015-juin\" width=\"150\" height=\"200\" \/><\/a>A l&rsquo;aube d&rsquo;une nouvelle saison touristique, la Vienne affiche encore une fois ses atouts, qui en font un des d\u00e9partements les plus performants en mati\u00e8re de tourisme rural.<\/p>\n<p>Si le Futuroscope, son navire amiral, pr\u00e9sente une progression de sa fr\u00e9quentation tr\u00e8s encourageante, il est bien \u00e9vident que l&rsquo;ouverture du Center Parcs du Domaine du Bois aux Daims, dans le Loudunais, sera l&rsquo;\u00e9v\u00e9nement de cette ann\u00e9e.<\/p>\n<p>Plus de 4 000 personnes vont venir chaque jour enrichir les plusieurs millions de visiteurs annuels de la Vienne, qui r\u00e9alisent 700 millions d&rsquo;euros de chiffre d&rsquo;affaires, soit 7,1 % du PIB du d\u00e9partement.<\/p>\n<p>Un point de plus que la moyenne nationale, ce qui traduit parfaitement la remarquable strat\u00e9gie de d\u00e9veloppement du tourisme initi\u00e9e il y a pr\u00e8s de 30 ans avec la r\u00e9alisation du Futuroscope. La Majorit\u00e9 D\u00e9partementale affiche un objectif pour la Vienne particuli\u00e8rement ambitieux : atteindre le milliard d&rsquo;euros de chiffre d&rsquo;affaires \u00e0 l&rsquo;horizon 2020, ce qui sera exceptionnel pour un d\u00e9partement non c\u00f4tier. \u00ab\u00a0La Vienne fait preuve d&rsquo;une v\u00e9ritable ing\u00e9nierie de projets\u00a0\u00bb, rappelait r\u00e9cemment Dominique Cl\u00e9ment, Vice- Pr\u00e9sident en charge du Tourisme et de l&rsquo;Attractivit\u00e9, \u00ab\u00a0tant du c\u00f4t\u00e9 des \u00e9lus que des techniciens, c&rsquo;est un extraordinaire atout pour analyser l&rsquo;opportunit\u00e9 des projets et en aider l&rsquo;\u00e9closion\u00a0\u00bb. C&rsquo;est bien l\u00e0 l&rsquo;esprit d&rsquo;initiative de l&rsquo;\u00e9quipe Union pour la Vienne tel que l&rsquo;ensemble de ses \u00e9lus le porte depuis les premiers actes de la d\u00e9centralisation, au d\u00e9but des ann\u00e9es 80. Un esprit qui ne se tarit pas, \u00e0 l&rsquo;image du programme propos\u00e9 lors des derni\u00e8res \u00e9lections d\u00e9partementales qu&rsquo;une large majorit\u00e9 des habitants de la Vienne a pl\u00e9biscit\u00e9. Sa mise en application, \u00e0 l&rsquo;instar de sa politique touristique, sera respectueuse de ses engagements. Pour une Vienne qui \u00ab\u00a0ose et r\u00e9ussit\u00a0\u00bb. Pour une Vienne qui gagne !<\/p>\n","protected":false},"excerpt":{"rendered":"<p>Pour une Vienne qui gagne ! A l&rsquo;aube d&rsquo;une nouvelle saison touristique, la Vienne affiche encore une fois ses atouts,<\/p>\n","protected":false},"author":1,"featured_media":0,"parent":22,"menu_order":0,"comment_status":"closed","ping_status":"closed","template":"","meta":[],"_links":{"self":[{"href":"https:\/\/unionpourlavienne.fr\/Union_Vienne_2016\/wordpress\/wp-json\/wp\/v2\/pages\/671"}],"collection":[{"href":"https:\/\/unionpourlavienne.fr\/Union_Vienne_2016\/wordpress\/wp-json\/wp\/v2\/pages"}],"about":[{"href":"https:\/\/unionpourlavienne.fr\/Union_Vienne_2016\/wordpress\/wp-json\/wp\/v2\/types\/page"}],"author":[{"embeddable":true,"href":"https:\/\/unionpourlavienne.fr\/Union_Vienne_2016\/wordpress\/wp-json\/wp\/v2\/users\/1"}],"replies":[{"embeddable":true,"href":"https:\/\/unionpourlavienne.fr\/Union_Vienne_2016\/wordpress\/wp-json\/wp\/v2\/comments?post=671"}],"version-history":[{"count":1,"href":"https:\/\/unionpourlavienne.fr\/Union_Vienne_2016\/wordpress\/wp-json\/wp\/v2\/pages\/671\/revisions"}],"predecessor-version":[{"id":672,"href":"https:\/\/unionpourlavienne.fr\/Union_Vienne_2016\/wordpress\/wp-json\/wp\/v2\/pages\/671\/revisions\/672"}],"up":[{"embeddable":true,"href":"https:\/\/unionpourlavienne.fr\/Union_Vienne_2016\/wordpress\/wp-json\/wp\/v2\/pages\/22"}],"wp:attachment":[{"href":"https:\/\/unionpourlavienne.fr\/Union_Vienne_2016\/wordpress\/wp-json\/wp\/v2\/media?parent=671"}],"curies":[{"name":"wp","href":"https:\/\/api.w.org\/{rel}","templated":true}]}}